{"id":196974,"date":"2024-11-20T11:06:56","date_gmt":"2024-11-20T11:06:56","guid":{"rendered":"https:\/\/thebarnoakenshaw.co.uk\/?page_id=196974"},"modified":"2025-10-15T07:58:10","modified_gmt":"2025-10-15T07:58:10","slug":"terms-and-conditions","status":"publish","type":"page","link":"https:\/\/thebarnoakenshaw.co.uk\/it\/terms-and-conditions\/","title":{"rendered":"Termini e Condizioni"},"content":{"rendered":"<div data-elementor-type=\"wp-page\" data-elementor-id=\"196974\" class=\"elementor elementor-196974\" data-elementor-post-type=\"page\">\n\t\t\t\t<div class=\"elementor-element elementor-element-fcca0c6 e-flex e-con-boxed e-con e-parent\" data-id=\"fcca0c6\" data-element_type=\"container\" data-e-type=\"container\" data-settings=\"{&quot;jet_parallax_layout_list&quot;:[],&quot;background_background&quot;:&quot;classic&quot;}\">\n\t\t\t\t\t<div class=\"e-con-inner\">\n\t\t<div class=\"elementor-element elementor-element-37c4800 e-con-full e-flex e-con e-child\" data-id=\"37c4800\" data-element_type=\"container\" data-e-type=\"container\" data-settings=\"{&quot;jet_parallax_layout_list&quot;:[]}\">\n\t\t\t\t<div class=\"elementor-element elementor-element-f1886a7 elementor-widget elementor-widget-heading\" data-id=\"f1886a7\" data-element_type=\"widget\" data-e-type=\"widget\" data-widget_type=\"heading.default\">\n\t\t\t\t<div class=\"elementor-widget-container\">\n\t\t\t\t\t<h2 class=\"elementor-heading-title elementor-size-default\">Termini e Condizioni<\/h2>\t\t\t\t<\/div>\n\t\t\t\t<\/div>\n\t\t\t\t<\/div>\n\t\t\t\t\t<\/div>\n\t\t\t\t<\/div>\n\t\t\t\t<section class=\"elementor-section elementor-top-section elementor-element elementor-element-6e5edd4 elementor-section-boxed elementor-section-height-default elementor-section-height-default\" data-id=\"6e5edd4\" data-element_type=\"section\" data-e-type=\"section\" data-settings=\"{&quot;jet_parallax_layout_list&quot;:[],&quot;background_background&quot;:&quot;classic&quot;}\">\n\t\t\t\t\t\t<div class=\"elementor-container elementor-column-gap-default\">\n\t\t\t\t\t<div class=\"elementor-column elementor-col-100 elementor-top-column elementor-element elementor-element-f2b9411\" data-id=\"f2b9411\" data-element_type=\"column\" data-e-type=\"column\">\n\t\t\t<div class=\"elementor-widget-wrap elementor-element-populated\">\n\t\t\t\t\t\t<div class=\"elementor-element elementor-element-91ced21 elementor-widget elementor-widget-text-editor\" data-id=\"91ced21\" data-element_type=\"widget\" data-e-type=\"widget\" data-widget_type=\"text-editor.default\">\n\t\t\t\t<div class=\"elementor-widget-container\">\n\t\t\t\t\t\t\t\t\t<p><strong>The Barn Oakenshaw Ltd<\/strong><\/p><p>Effettuando una prenotazione con The Barn Oakenshaw Ltd (&quot;noi&quot;, &quot;nostro&quot;, &quot;ci&quot;), l&#039;utente (&quot;ospite&quot;, &quot;tu&quot;) accetta di essere vincolato dai seguenti Termini e Condizioni. Questi termini regolano il soggiorno presso la nostra struttura e l&#039;utilizzo del nostro sito web e delle piattaforme di prenotazione.<\/p><p><strong>1. Prenotazione e pagamento<\/strong><br \/>1.1 Le prenotazioni sono confermate solo una volta ricevuto il pagamento completo (o il deposito, se applicabile) e ricevuta una conferma scritta della prenotazione.<br \/>1.2 La persona che effettua la prenotazione deve avere pi\u00f9 di 18 anni e si assume la responsabilit\u00e0 di tutti i membri del suo gruppo.<br \/>1.3 Ci riserviamo il diritto di annullare le prenotazioni qualora non vengano rispettati i termini di pagamento.<\/p><p><strong>2. Annullamento e rimborsi<br \/><\/strong>2.1 Applichiamo una rigorosa politica di non rimborso. Tutte le prenotazioni non sono rimborsabili una volta confermate.<br \/>2.2 Ci\u00f2 include le cancellazioni degli ospiti, le partenze anticipate e le mancate presentazioni, indipendentemente dal motivo (ad esempio, malattia, problemi di trasporto, condizioni meteorologiche o emergenze personali).<br \/>2.3 Effettuando una prenotazione, confermi di aver compreso e accettato integralmente la presente politica di non rimborso.<br \/>2.4 Nel raro caso in cui dovessimo annullare la prenotazione per circostanze inevitabili al di fuori del nostro controllo (ad esempio, danni alla propriet\u00e0, forza maggiore), verr\u00e0 fornito un rimborso completo. Non verr\u00e0 offerto alcun ulteriore risarcimento.<\/p><p><strong>3. Check-in e check-out<br \/><\/strong>3.1 Orario di check-in: dalle ore 15:00<br \/>3.2 Orario di check-out: entro le ore 10:00<br \/>3.3 Il check-in anticipato o il check-out posticipato possono essere concordati in anticipo, in base alla disponibilit\u00e0 e potrebbero comportare un costo aggiuntivo.<\/p><p><strong>4. Uso della propriet\u00e0<br \/><\/strong>4.1 L&#039;immobile \u00e8 destinato esclusivamente a soggiorni turistici di breve durata.<br \/>4.2 Non sono consentite feste, eventi o fotografie commerciali senza previo consenso scritto.<br \/>4.3 Solo gli ospiti registrati possono pernottare nella struttura.<br \/>4.4 \u00c8 severamente vietato fumare in qualsiasi punto della struttura.<br \/>4.5 \u00c8 consentito svapare in qualsiasi punto del sito, sia all&#039;interno che all&#039;esterno.<br \/>4.6 Non sono ammessi animali domestici.<\/p><p><strong>5. Responsabilit\u00e0 e condotta degli ospiti<br \/><\/strong>5.1 Gli ospiti devono trattare la propriet\u00e0, il contenuto e l&#039;area circostante con cura e rispetto.<br \/>5.2 L&#039;utente \u00e8 responsabile di eventuali danni o perdite causati durante il soggiorno, sia da lui stesso che da qualsiasi membro del suo gruppo.<br \/>5.3 Al momento della partenza, l&#039;immobile deve essere lasciato pulito e in ordine.<\/p><p><strong>6. Danni e costi aggiuntivi<br \/><\/strong>6.1 Non richiediamo alcun deposito cauzionale anticipato. Tuttavia, sarete ritenuti finanziariamente responsabili per:<br \/>\u2022 Eventuali danni alla propriet\u00e0, agli arredi o agli impianti<br \/>\u2022 Smarrimento o furto di oggetti<br \/>\u2022 Pulizia eccessiva richiesta dopo la partenza<br \/>\u2022 Violazione di qualsiasi parte di questi Termini e Condizioni<br \/><br \/>6.2 Gli addebiti saranno effettuati sul metodo di pagamento utilizzato al momento della prenotazione o fatturati direttamente al cliente.<br \/>6.3 La mancata segnalazione dei danni prima del check-out pu\u00f2 comportare addebiti pi\u00f9 elevati e il possibile divieto di prenotazioni future.<\/p><p><strong>7. Politica sulla manipolazione fraudolenta delle immagini e sulle richieste di risarcimento danni<br \/><\/strong>7.1 Prima del soggiorno di ogni ospite, fotografiamo e documentiamo le condizioni della propriet\u00e0.<br \/>7.2 Gli ospiti devono inviare foto o video accurati e veritieri quando segnalano danni o presentano un reclamo.<br \/>7.3 Le condotte severamente vietate includono:<\/p><p>\u00b7 Alterazione digitale delle immagini per suggerire falsi danni<br \/>\u00b7 Utilizzo di immagini migliorate dall&#039;intelligenza artificiale o non correlate<br \/>\u00b7 Messa in scena o manipolazione di oggetti per simulare danni 7.4 Se viene rilevata una manipolazione:<br \/>\u00b7 La tua richiesta verr\u00e0 respinta<br \/>\u00b7 Potrebbe esserti addebitato l&#039;intero importo<br \/>\u00b7 Potremmo intraprendere azioni legali e segnalare alle piattaforme di prenotazione 7.5 Le dichiarazioni falsificate potrebbero costituire frode civile o penale.<\/p><p><strong>8. Responsabilit\u00e0<br \/><\/strong>8.1 Non ci assumiamo alcuna responsabilit\u00e0 per lesioni personali, malattie o perdite di propriet\u00e0 durante il vostro soggiorno, salvo nei casi causati da negligenza comprovata.<br \/>8.2 L&#039;utilizzo di strutture quali vasche idromassaggio, aree esterne e vialetti d&#039;accesso \u00e8 interamente a vostro rischio e pericolo.<br \/>8.3 I genitori\/tutori sono tenuti a sorvegliare i bambini in ogni momento.<\/p><p><strong>9. Utilizzo e contenuto del sito web<br \/><\/strong>9.1 Il contenuto del nostro sito web \u00e8 destinato all&#039;informazione generale e all&#039;uso personale.<br \/>9.2 Ci impegniamo a garantire l&#039;accuratezza, ma non siamo responsabili per eventuali errori od omissioni.<br \/>9.3 Potremmo aggiornare i presenti Termini in qualsiasi momento senza preavviso.<\/p><p><strong>10. Informativa sulla privacy<br \/><\/strong>10.1 Trattiamo i dati personali in conformit\u00e0 con la nostra Informativa sulla privacy (disponibile sul nostro sito web).<br \/>10.2 Non venderemo mai i tuoi dati a terzi.<br \/>10.3 I tuoi dati vengono utilizzati solo per gestire la tua prenotazione, le comunicazioni e gli obblighi legali.<\/p><p><strong>11. Legge applicabile<br \/><\/strong>11.1 I presenti Termini sono regolati e interpretati in conformit\u00e0 con le leggi dell&#039;Inghilterra e del Galles.<br \/>11.2 Eventuali controversie saranno soggette alla giurisdizione esclusiva dei tribunali di Inghilterra e Galles.<br \/><br \/><strong>12. Servizi di portineria, eventi e prenotazioni di pacchetti<br \/><\/strong>12.1 Presto offriremo pacchetti personalizzati e servizi di concierge, tra cui:<br \/>\u2022 Addio al nubilato e al celibato<br \/>\u2022 Matrimoni e occasioni speciali<br \/>\u2022 Ritiri benessere<br \/>\u2022 Ritiri aziendali e team building<br \/>\u2022 Pacchetti vacanza golf e campagna<br \/>\u2022 Noleggio di chef privati e servizi di catering<\/p><p>12.2 La disponibilit\u00e0 e i prezzi di questi servizi sono soggetti a quotazione personalizzata e possono variare in base alla stagione, alle dimensioni del gruppo e alla disponibilit\u00e0 del fornitore.<br \/>12.3 Per gli eventi e i servizi organizzati per vostro conto potrebbero essere applicati termini di prenotazione aggiuntivi, depositi cauzionali, contratti o accordi specifici del fornitore.<br \/>12.4 Accetti la piena responsabilit\u00e0 per la condotta di tutti gli ospiti e di tutti i terzi appaltatori da te assunti tramite noi o indipendentemente da noi.<br \/>12.5 Ci riserviamo il diritto di rifiutare, annullare o terminare le prenotazioni relative agli eventi che comportano rischi irragionevoli, violano le normative locali o causano disturbo ai vicini.<br \/>12.6 Eventuali rimborsi per i servizi di concierge saranno regolati dalla politica di cancellazione del fornitore e non dai nostri termini di rimborso standard.<\/p><p><strong>13. Accettazione dei Termini<br \/><\/strong>Effettuando una prenotazione, confermi di aver letto, compreso e accettato di essere vincolato dai presenti Termini e Condizioni.<\/p>\t\t\t\t\t\t\t\t<\/div>\n\t\t\t\t<\/div>\n\t\t\t\t\t<\/div>\n\t\t<\/div>\n\t\t\t\t\t<\/div>\n\t\t<\/section>\n\t\t\t\t<\/div>","protected":false},"excerpt":{"rendered":"<p>The Barn Oakenshaw Ltd By making a booking with The Barn Oakenshaw Ltd (\u201cwe\u201d, \u201cour\u201d, \u201cus\u201d), you (\u201cguest\u201d, \u201cyou\u201d) agree to be bound by the following Terms &amp; Conditions. These terms govern your stay at our property and your use of our website and booking platforms. 1. Booking &amp; Payment1.1 Bookings are only confirmed once [&hellip;]<\/p>\n","protected":false},"author":55,"featured_media":0,"parent":0,"menu_order":0,"comment_status":"closed","ping_status":"closed","template":"elementor_header_footer","meta":{"_acf_changed":false,"footnotes":""},"class_list":["post-196974","page","type-page","status-publish","hentry"],"acf":[],"_links":{"self":[{"href":"https:\/\/thebarnoakenshaw.co.uk\/it\/wp-json\/wp\/v2\/pages\/196974","targetHints":{"allow":["GET"]}}],"collection":[{"href":"https:\/\/thebarnoakenshaw.co.uk\/it\/wp-json\/wp\/v2\/pages"}],"about":[{"href":"https:\/\/thebarnoakenshaw.co.uk\/it\/wp-json\/wp\/v2\/types\/page"}],"author":[{"embeddable":true,"href":"https:\/\/thebarnoakenshaw.co.uk\/it\/wp-json\/wp\/v2\/users\/55"}],"replies":[{"embeddable":true,"href":"https:\/\/thebarnoakenshaw.co.uk\/it\/wp-json\/wp\/v2\/comments?post=196974"}],"version-history":[{"count":1,"href":"https:\/\/thebarnoakenshaw.co.uk\/it\/wp-json\/wp\/v2\/pages\/196974\/revisions"}],"predecessor-version":[{"id":200075,"href":"https:\/\/thebarnoakenshaw.co.uk\/it\/wp-json\/wp\/v2\/pages\/196974\/revisions\/200075"}],"wp:attachment":[{"href":"https:\/\/thebarnoakenshaw.co.uk\/it\/wp-json\/wp\/v2\/media?parent=196974"}],"curies":[{"name":"wp","href":"https:\/\/api.w.org\/{rel}","templated":true}]}}