{"id":3,"date":"2023-05-18T06:13:47","date_gmt":"2023-05-18T06:13:47","guid":{"rendered":"https:\/\/thebarnoakenshaw.co.uk\/?page_id=3"},"modified":"2025-10-15T07:58:12","modified_gmt":"2025-10-15T07:58:12","slug":"privacy-policy","status":"publish","type":"page","link":"https:\/\/thebarnoakenshaw.co.uk\/fr\/privacy-policy\/","title":{"rendered":"politique de confidentialit\u00e9"},"content":{"rendered":"<div data-elementor-type=\"wp-page\" data-elementor-id=\"3\" class=\"elementor elementor-3\" data-elementor-post-type=\"page\">\n\t\t\t\t<div class=\"elementor-element elementor-element-61fe3cf e-flex e-con-boxed e-con e-parent\" data-id=\"61fe3cf\" data-element_type=\"container\" data-e-type=\"container\" data-settings=\"{&quot;jet_parallax_layout_list&quot;:[],&quot;background_background&quot;:&quot;classic&quot;}\">\n\t\t\t\t\t<div class=\"e-con-inner\">\n\t\t<div class=\"elementor-element elementor-element-c151b1d e-con-full e-flex e-con e-child\" data-id=\"c151b1d\" data-element_type=\"container\" data-e-type=\"container\" data-settings=\"{&quot;jet_parallax_layout_list&quot;:[]}\">\n\t\t\t\t<div class=\"elementor-element elementor-element-709a51a elementor-widget elementor-widget-heading\" data-id=\"709a51a\" data-element_type=\"widget\" data-e-type=\"widget\" data-widget_type=\"heading.default\">\n\t\t\t\t<div class=\"elementor-widget-container\">\n\t\t\t\t\t<h2 class=\"elementor-heading-title elementor-size-default\">politique de confidentialit\u00e9<\/h2>\t\t\t\t<\/div>\n\t\t\t\t<\/div>\n\t\t\t\t<\/div>\n\t\t\t\t\t<\/div>\n\t\t\t\t<\/div>\n\t\t<div class=\"elementor-element elementor-element-b058e1b e-flex e-con-boxed e-con e-parent\" data-id=\"b058e1b\" data-element_type=\"container\" data-e-type=\"container\" data-settings=\"{&quot;jet_parallax_layout_list&quot;:[],&quot;background_background&quot;:&quot;classic&quot;}\">\n\t\t\t\t\t<div class=\"e-con-inner\">\n\t\t<div class=\"elementor-element elementor-element-88e0197 e-con-full e-flex e-con e-child\" data-id=\"88e0197\" data-element_type=\"container\" data-e-type=\"container\" data-settings=\"{&quot;jet_parallax_layout_list&quot;:[]}\">\n\t\t\t\t<div class=\"elementor-element elementor-element-97ff2d5 elementor-widget elementor-widget-text-editor\" data-id=\"97ff2d5\" data-element_type=\"widget\" data-e-type=\"widget\" data-widget_type=\"text-editor.default\">\n\t\t\t\t<div class=\"elementor-widget-container\">\n\t\t\t\t\t\t\t\t\t<p data-start=\"324\" data-end=\"581\">Le respect de votre vie priv\u00e9e est important pour nous. La pr\u00e9sente politique de confidentialit\u00e9 explique comment nous recueillons, utilisons, divulguons et prot\u00e9geons vos renseignements personnels lorsque vous visitez ce site Web ou utilisez nos services, notamment pour r\u00e9server une location de vacances, soumettre une demande de renseignements ou communiquer avec nous.<\/p><p data-start=\"583\" data-end=\"646\">En utilisant ce site, vous acceptez les pratiques d\u00e9crites ci-dessous.<\/p><hr data-start=\"648\" data-end=\"651\" \/><h3 data-start=\"653\" data-end=\"681\"><strong>1. Informations que nous recueillons<\/strong><\/h3><p data-start=\"683\" data-end=\"742\">Nous pouvons collecter les types de renseignements personnels suivants\u00a0:<\/p><ul data-start=\"744\" data-end=\"1159\"><li data-start=\"744\" data-end=\"804\"><p data-start=\"746\" data-end=\"804\"><strong data-start=\"746\" data-end=\"769\">Coordonn\u00e9es<\/strong>Nom, adresse e-mail, num\u00e9ro de t\u00e9l\u00e9phone<\/p><\/li><li data-start=\"805\" data-end=\"878\"><p data-start=\"807\" data-end=\"878\"><strong data-start=\"807\" data-end=\"826\">D\u00e9tails de la r\u00e9servation<\/strong>Dates du s\u00e9jour, nombre de personnes, propri\u00e9t\u00e9 s\u00e9lectionn\u00e9e<\/p><\/li><li data-start=\"879\" data-end=\"959\"><p data-start=\"881\" data-end=\"959\"><strong data-start=\"881\" data-end=\"904\">Informations de paiement<\/strong>Collect\u00e9 en toute s\u00e9curit\u00e9 via des prestataires de paiement tiers<\/p><\/li><li data-start=\"960\" data-end=\"1036\"><p data-start=\"962\" data-end=\"1036\"><strong data-start=\"962\" data-end=\"983\">Informations du compte utilisateur<\/strong> (le cas \u00e9ch\u00e9ant)\u00a0: Identifiants de connexion et pr\u00e9f\u00e9rences enregistr\u00e9es<\/p><\/li><li data-start=\"1037\" data-end=\"1159\"><p data-start=\"1039\" data-end=\"1159\"><strong data-start=\"1039\" data-end=\"1057\">Donn\u00e9es techniques<\/strong>Adresse IP, type de navigateur, pages visit\u00e9es et temps pass\u00e9 sur le site (via des cookies ou des outils d&#039;analyse)<\/p><\/li><\/ul><hr data-start=\"1161\" data-end=\"1164\" \/><h3 data-start=\"1166\" data-end=\"1199\"><strong>2. Comment nous utilisons vos informations<\/strong><\/h3><p data-start=\"1201\" data-end=\"1237\">Nous utilisons les informations collect\u00e9es pour\u00a0:<\/p><ul data-start=\"1239\" data-end=\"1497\"><li data-start=\"1239\" data-end=\"1290\"><p data-start=\"1241\" data-end=\"1290\">R\u00e9pondre aux demandes de renseignements et fournir une assistance \u00e0 la client\u00e8le<\/p><\/li><li data-start=\"1291\" data-end=\"1336\"><p data-start=\"1293\" data-end=\"1336\">Traiter et g\u00e9rer les r\u00e9servations<\/p><\/li><li data-start=\"1337\" data-end=\"1385\"><p data-start=\"1339\" data-end=\"1385\">Communiquer les mises \u00e0 jour ou confirmations importantes<\/p><\/li><li data-start=\"1386\" data-end=\"1435\"><p data-start=\"1388\" data-end=\"1435\">Am\u00e9liorer les performances du site web et l&#039;exp\u00e9rience utilisateur<\/p><\/li><li data-start=\"1436\" data-end=\"1497\"><p data-start=\"1438\" data-end=\"1497\">Envoyer des courriels promotionnels ou des offres (uniquement si vous y avez consenti)<\/p><\/li><\/ul><p data-start=\"1499\" data-end=\"1544\">Nous ne vendrons jamais vos informations personnelles.<\/p><hr data-start=\"1546\" data-end=\"1549\" \/><h3 data-start=\"1551\" data-end=\"1579\"><strong>3. Partage d&#039;informations<\/strong><\/h3><p data-start=\"1581\" data-end=\"1656\">Nous pouvons partager vos donn\u00e9es avec des tiers uniquement dans les situations suivantes\u00a0:<\/p><ul data-start=\"1658\" data-end=\"1989\"><li data-start=\"1658\" data-end=\"1742\"><p data-start=\"1660\" data-end=\"1742\"><strong data-start=\"1660\" data-end=\"1681\">Prestataires de services<\/strong>Pour traiter les paiements, g\u00e9rer les r\u00e9servations ou h\u00e9berger des donn\u00e9es en toute s\u00e9curit\u00e9.<\/p><\/li><li data-start=\"1743\" data-end=\"1856\"><p data-start=\"1745\" data-end=\"1856\"><strong data-start=\"1745\" data-end=\"1767\">Exigences l\u00e9gales<\/strong>: Lorsque cela est n\u00e9cessaire pour se conformer aux lois applicables, aux proc\u00e9dures judiciaires ou aux demandes gouvernementales<\/p><\/li><li data-start=\"1857\" data-end=\"1989\"><p data-start=\"1859\" data-end=\"1989\"><strong data-start=\"1859\" data-end=\"1880\">Partenaires de la plateforme<\/strong>Si vous r\u00e9servez via un site tiers (par exemple Airbnb, Vrbo), vos donn\u00e9es sont \u00e9galement soumises \u00e0 leurs politiques de confidentialit\u00e9.<\/p><\/li><\/ul><hr data-start=\"1991\" data-end=\"1994\" \/><h3 data-start=\"1996\" data-end=\"2020\"><strong>4. Cookies et suivi<\/strong><\/h3><p data-start=\"2022\" data-end=\"2073\">Ce site utilise des cookies et des technologies similaires pour\u00a0:<\/p><ul data-start=\"2075\" data-end=\"2194\"><li data-start=\"2075\" data-end=\"2105\"><p data-start=\"2077\" data-end=\"2105\">Reconna\u00eetre les visiteurs r\u00e9guliers<\/p><\/li><li data-start=\"2106\" data-end=\"2133\"><p data-start=\"2108\" data-end=\"2133\">N&#039;oubliez pas vos pr\u00e9f\u00e9rences<\/p><\/li><li data-start=\"2134\" data-end=\"2194\"><p data-start=\"2136\" data-end=\"2194\">Mesurer le trafic et les habitudes d&#039;utilisation gr\u00e2ce aux outils d&#039;analyse<\/p><\/li><\/ul><p data-start=\"2196\" data-end=\"2256\">Vous pouvez g\u00e9rer vos pr\u00e9f\u00e9rences en mati\u00e8re de cookies via les param\u00e8tres de votre navigateur.<\/p><hr data-start=\"2258\" data-end=\"2261\" \/><h3 data-start=\"2263\" data-end=\"2282\"><strong>5. S\u00e9curit\u00e9 des donn\u00e9es<\/strong><\/h3><p data-start=\"2284\" data-end=\"2471\">Nous mettons en \u0153uvre des mesures de s\u00e9curit\u00e9 raisonnables pour prot\u00e9ger vos donn\u00e9es contre tout acc\u00e8s, utilisation ou divulgation non autoris\u00e9s. Cela inclut le traitement s\u00e9curis\u00e9 des paiements et la limitation de l&#039;acc\u00e8s aux informations sensibles.<\/p><p data-start=\"2473\" data-end=\"2583\">Cependant, aucune m\u00e9thode de transmission ou de stockage sur Internet n&#039;est s\u00e9curis\u00e9e \u00e0 100 % et nous ne pouvons garantir une s\u00e9curit\u00e9 absolue.<\/p><hr data-start=\"2585\" data-end=\"2588\" \/><h3 data-start=\"2590\" data-end=\"2607\"><strong>6. Vos droits<\/strong><\/h3><p data-start=\"2609\" data-end=\"2631\">Vous avez le droit de\u00a0:<\/p><ul data-start=\"2633\" data-end=\"2823\"><li data-start=\"2633\" data-end=\"2678\"><p data-start=\"2635\" data-end=\"2678\">Demander l&#039;acc\u00e8s \u00e0 vos informations personnelles<\/p><\/li><li data-start=\"2679\" data-end=\"2719\"><p data-start=\"2681\" data-end=\"2719\">Demander la correction des donn\u00e9es inexactes<\/p><\/li><li data-start=\"2720\" data-end=\"2766\"><p data-start=\"2722\" data-end=\"2766\">Retirer mon consentement aux communications marketing<\/p><\/li><li data-start=\"2767\" data-end=\"2823\"><p data-start=\"2769\" data-end=\"2823\">Demandez la suppression de vos donn\u00e9es, lorsque la loi le permet.<\/p><\/li><\/ul><p data-start=\"2825\" data-end=\"2892\">Pour exercer ces droits, veuillez utiliser le formulaire de contact de ce site.<\/p><hr data-start=\"2894\" data-end=\"2897\" \/><h3 data-start=\"2899\" data-end=\"2922\"><strong>7. Liens tiers<\/strong><\/h3><p data-start=\"2924\" data-end=\"3112\">Ce site peut contenir des liens vers des sites web tiers. Nous ne sommes pas responsables des pratiques de confidentialit\u00e9 ni du contenu de ces sites. Nous vous recommandons de consulter leurs politiques de confidentialit\u00e9 respectives.<\/p><hr data-start=\"3114\" data-end=\"3117\" \/><h3 data-start=\"3119\" data-end=\"3143\"><strong>8. Protection de la vie priv\u00e9e des enfants<\/strong><\/h3><p data-start=\"3145\" data-end=\"3377\">Ce site n&#039;est pas destin\u00e9 aux personnes de moins de 18 ans. Nous ne collectons pas sciemment de donn\u00e9es personnelles aupr\u00e8s de mineurs. Si nous apprenons avoir collect\u00e9 des donn\u00e9es concernant un enfant sans son consentement, nous prendrons les mesures n\u00e9cessaires pour les supprimer.<\/p><hr data-start=\"3379\" data-end=\"3382\" \/><h3 data-start=\"3384\" data-end=\"3412\"><strong>9. Modifications apport\u00e9es \u00e0 la pr\u00e9sente politique<\/strong><\/h3><p data-start=\"3414\" data-end=\"3602\">Nous pouvons \u00eatre amen\u00e9s \u00e0 modifier la pr\u00e9sente Politique de confidentialit\u00e9. Les modifications seront publi\u00e9es sur cette page avec une date de r\u00e9vision mise \u00e0 jour. En continuant \u00e0 utiliser le site, vous acceptez ces modifications.<\/p><hr data-start=\"3604\" data-end=\"3607\" \/><h3 data-start=\"3609\" data-end=\"3637\"><strong>10. Questions ou pr\u00e9occupations<\/strong><\/h3><p data-start=\"3639\" data-end=\"3741\">Si vous avez des questions concernant cette politique de confidentialit\u00e9, veuillez nous contacter.<\/p>\t\t\t\t\t\t\t\t<\/div>\n\t\t\t\t<\/div>\n\t\t\t\t<\/div>\n\t\t\t\t\t<\/div>\n\t\t\t\t<\/div>\n\t\t\t\t<\/div>","protected":false},"excerpt":{"rendered":"<p>Your privacy is important to us. This Privacy Policy explains how we collect, use, disclose, and protect your personal information when you visit this website or use our services, including booking a vacation rental, submitting an inquiry, or contacting us. By using this site, you agree to the practices described below. 1. Information We Collect [&hellip;]<\/p>\n","protected":false},"author":55,"featured_media":0,"parent":0,"menu_order":0,"comment_status":"closed","ping_status":"open","template":"elementor_header_footer","meta":{"_acf_changed":false,"footnotes":""},"class_list":["post-3","page","type-page","status-publish","hentry"],"acf":[],"_links":{"self":[{"href":"https:\/\/thebarnoakenshaw.co.uk\/fr\/wp-json\/wp\/v2\/pages\/3","targetHints":{"allow":["GET"]}}],"collection":[{"href":"https:\/\/thebarnoakenshaw.co.uk\/fr\/wp-json\/wp\/v2\/pages"}],"about":[{"href":"https:\/\/thebarnoakenshaw.co.uk\/fr\/wp-json\/wp\/v2\/types\/page"}],"author":[{"embeddable":true,"href":"https:\/\/thebarnoakenshaw.co.uk\/fr\/wp-json\/wp\/v2\/users\/55"}],"replies":[{"embeddable":true,"href":"https:\/\/thebarnoakenshaw.co.uk\/fr\/wp-json\/wp\/v2\/comments?post=3"}],"version-history":[{"count":1,"href":"https:\/\/thebarnoakenshaw.co.uk\/fr\/wp-json\/wp\/v2\/pages\/3\/revisions"}],"predecessor-version":[{"id":200078,"href":"https:\/\/thebarnoakenshaw.co.uk\/fr\/wp-json\/wp\/v2\/pages\/3\/revisions\/200078"}],"wp:attachment":[{"href":"https:\/\/thebarnoakenshaw.co.uk\/fr\/wp-json\/wp\/v2\/media?parent=3"}],"curies":[{"name":"wp","href":"https:\/\/api.w.org\/{rel}","templated":true}]}}