{"id":199769,"date":"2025-09-25T08:11:45","date_gmt":"2025-09-25T08:11:45","guid":{"rendered":"https:\/\/thebarnoakenshaw.co.uk\/?page_id=199769"},"modified":"2026-03-23T04:46:32","modified_gmt":"2026-03-23T04:46:32","slug":"events-packages","status":"publish","type":"page","link":"https:\/\/thebarnoakenshaw.co.uk\/fr\/events-packages\/","title":{"rendered":"\u00c9v\u00e9nements et forfaits"},"content":{"rendered":"<div data-elementor-type=\"wp-page\" data-elementor-id=\"199769\" class=\"elementor elementor-199769\" data-elementor-post-type=\"page\">\n\t\t\t\t\t\t<section class=\"elementor-section elementor-top-section elementor-element elementor-element-8968138 elementor-section-height-min-height elementor-section-boxed elementor-section-height-default elementor-section-items-middle\" data-id=\"8968138\" data-element_type=\"section\" data-e-type=\"section\" data-settings=\"{&quot;jet_parallax_layout_list&quot;:[],&quot;background_background&quot;:&quot;classic&quot;}\">\n\t\t\t\t\t\t\t<div class=\"elementor-background-overlay\"><\/div>\n\t\t\t\t\t\t\t<div class=\"elementor-container elementor-column-gap-wider\">\n\t\t\t\t\t<div class=\"elementor-column elementor-col-100 elementor-top-column elementor-element elementor-element-1c0cf81\" data-id=\"1c0cf81\" data-element_type=\"column\" data-e-type=\"column\">\n\t\t\t<div class=\"elementor-widget-wrap elementor-element-populated\">\n\t\t\t\t\t\t<div class=\"elementor-element elementor-element-8b05288 elementor-widget elementor-widget-spacer\" data-id=\"8b05288\" data-element_type=\"widget\" data-e-type=\"widget\" data-widget_type=\"spacer.default\">\n\t\t\t\t<div class=\"elementor-widget-container\">\n\t\t\t\t\t\t\t<div class=\"elementor-spacer\">\n\t\t\t<div class=\"elementor-spacer-inner\"><\/div>\n\t\t<\/div>\n\t\t\t\t\t\t<\/div>\n\t\t\t\t<\/div>\n\t\t\t\t<div class=\"elementor-element elementor-element-9dccca1 elementor-widget elementor-widget-heading\" data-id=\"9dccca1\" data-element_type=\"widget\" data-e-type=\"widget\" data-widget_type=\"heading.default\">\n\t\t\t\t<div class=\"elementor-widget-container\">\n\t\t\t\t\t<h1 class=\"elementor-heading-title elementor-size-default\">\u00c9v\u00e9nements et forfaits<\/h1>\t\t\t\t<\/div>\n\t\t\t\t<\/div>\n\t\t\t\t<div class=\"elementor-element elementor-element-4e3339b elementor-widget elementor-widget-text-editor\" data-id=\"4e3339b\" data-element_type=\"widget\" data-e-type=\"widget\" data-widget_type=\"text-editor.default\">\n\t\t\t\t<div class=\"elementor-widget-container\">\n\t\t\t\t\t\t\t\t\t<p data-start=\"309\" data-end=\"571\"><strong data-start=\"309\" data-end=\"342\">Bienvenue \u00e0 The Barn Oakenshaw<\/strong> \u2014 Un domaine priv\u00e9 de six acres, v\u00e9ritable havre de luxe au c\u0153ur du comt\u00e9 de Durham. Autrefois partie int\u00e9grante des terres agricoles historiques d&#039;Oakenshaw, le domaine a \u00e9t\u00e9 transform\u00e9 en un refuge d&#039;exception o\u00f9 patrimoine, savoir-faire artisanal et beaut\u00e9 naturelle se conjuguent harmonieusement.<\/p><p data-start=\"1290\" data-end=\"1536\">\u00a0<\/p>\t\t\t\t\t\t\t\t<\/div>\n\t\t\t\t<\/div>\n\t\t\t\t\t<\/div>\n\t\t<\/div>\n\t\t\t\t\t<\/div>\n\t\t<\/section>\n\t\t<div class=\"elementor-element elementor-element-b459443 e-flex e-con-boxed e-con e-parent\" data-id=\"b459443\" data-element_type=\"container\" data-e-type=\"container\" data-settings=\"{&quot;jet_parallax_layout_list&quot;:[]}\">\n\t\t\t\t\t<div class=\"e-con-inner\">\n\t\t\t\t<div class=\"elementor-element elementor-element-4e6016c elementor-widget elementor-widget-spacer\" data-id=\"4e6016c\" data-element_type=\"widget\" data-e-type=\"widget\" data-widget_type=\"spacer.default\">\n\t\t\t\t<div class=\"elementor-widget-container\">\n\t\t\t\t\t\t\t<div class=\"elementor-spacer\">\n\t\t\t<div class=\"elementor-spacer-inner\"><\/div>\n\t\t<\/div>\n\t\t\t\t\t\t<\/div>\n\t\t\t\t<\/div>\n\t\t\t\t\t<\/div>\n\t\t\t\t<\/div>\n\t\t<div class=\"elementor-element elementor-element-f8304f0 e-flex e-con-boxed e-con e-parent\" data-id=\"f8304f0\" data-element_type=\"container\" data-e-type=\"container\" data-settings=\"{&quot;jet_parallax_layout_list&quot;:[]}\">\n\t\t\t\t\t<div class=\"e-con-inner\">\n\t\t\t\t<div class=\"elementor-element elementor-element-3962d80 elementor-widget elementor-widget-text-editor\" data-id=\"3962d80\" data-element_type=\"widget\" data-e-type=\"widget\" data-widget_type=\"text-editor.default\">\n\t\t\t\t<div class=\"elementor-widget-container\">\n\t\t\t\t\t\t\t\t\t<p data-start=\"573\" data-end=\"857\">Bienvenue \u00e0 The Barn Oakenshaw, un domaine priv\u00e9 de six acres o\u00f9 le riche patrimoine de Durham rencontre le luxe moderne, la nature et l&#039;artisanat. Nich\u00e9 sur des terres fa\u00e7onn\u00e9es par des si\u00e8cles d&#039;agriculture et de traditions villageoises, le domaine a \u00e9t\u00e9 repens\u00e9 en un refuge d&#039;exception qui rend hommage \u00e0 son pass\u00e9 tout en offrant des exp\u00e9riences inoubliables \u00e0 ses h\u00f4tes.<\/p><p data-start=\"573\" data-end=\"857\"><span style=\"color: inherit; background-color: inherit; letter-spacing: inherit;\">Au c\u0153ur du domaine se dresse notre b\u00e2timent d&#039;origine en pierre, datant de 1852, restaur\u00e9 avec soin pour pr\u00e9server le caract\u00e8re et le charme de son \u00e9poque. De l&#039;autre c\u00f4t\u00e9 du terrain se trouve notre remarquable chalet finlandais en rondins, construit \u00e0 la main \u00e0 partir de rondins scandinaves centenaires issus de for\u00eats g\u00e9r\u00e9es durablement \u2013 un hommage au savoir-faire artisanal, \u00e0 la robustesse et \u00e0 la beaut\u00e9 naturelle. Ensemble, ils forment un lieu unique en son genre, o\u00f9 l&#039;architecture historique se m\u00eale \u00e0 une immersion intemporelle dans la nature.<\/span><\/p><p data-start=\"573\" data-end=\"857\"><span style=\"color: inherit; background-color: inherit; letter-spacing: inherit;\">L&#039;identit\u00e9 du domaine est profond\u00e9ment li\u00e9e \u00e0 l&#039;h\u00e9ritage de Durham, repr\u00e9sent\u00e9 par le motif de la tourelle et du chevalier dans notre identit\u00e9 visuelle \u2014 symbolisant la protection, la force et le patrimoine. Ce th\u00e8me se poursuit d\u00e8s l&#039;arriv\u00e9e avec notre mosa\u00efque artisanale de vaches des Highlands, un clin d&#039;\u0153il significatif aux racines agricoles d&#039;Oakenshaw et au paysage qui a fa\u00e7onn\u00e9 la vie ici pendant des g\u00e9n\u00e9rations.<\/span><\/p><p data-start=\"573\" data-end=\"857\"><span style=\"color: inherit; background-color: inherit; letter-spacing: inherit;\">Un v\u00e9ritable sanctuaire vivant entoure le lieu : plus de 2\u00a0000 arbres d&#039;essences vari\u00e9es, soigneusement plant\u00e9s pour restaurer le site et favoriser la faune sauvage, placent la nature au c\u0153ur de chaque s\u00e9jour. Que ce soit pour un mariage, une retraite d&#039;entreprise, une escapade bien-\u00eatre ou une c\u00e9l\u00e9bration exclusive, les h\u00f4tes profitent non seulement d&#039;un h\u00e9bergement de luxe, mais aussi d&#039;un lieu o\u00f9 histoire, paysage et savoir-faire s&#039;entrem\u00ealent en parfaite harmonie.<\/span><\/p>\t\t\t\t\t\t\t\t<\/div>\n\t\t\t\t<\/div>\n\t\t\t\t\t<\/div>\n\t\t\t\t<\/div>\n\t\t<div class=\"elementor-element elementor-element-63d644bc e-flex e-con-boxed e-con e-parent\" data-id=\"63d644bc\" data-element_type=\"container\" data-e-type=\"container\" data-settings=\"{&quot;background_background&quot;:&quot;classic&quot;,&quot;jet_parallax_layout_list&quot;:[]}\">\n\t\t\t\t\t<div class=\"e-con-inner\">\n\t\t<div class=\"elementor-element elementor-element-237f4aa e-grid animated-fast e-con-full elementor-invisible e-con e-child\" data-id=\"237f4aa\" data-element_type=\"container\" data-e-type=\"container\" data-settings=\"{&quot;animation&quot;:&quot;fadeIn&quot;,&quot;animation_delay&quot;:500,&quot;jet_parallax_layout_list&quot;:[]}\">\n\t\t<div class=\"elementor-element elementor-element-1068150 e-con-full e-flex e-con e-child\" data-id=\"1068150\" data-element_type=\"container\" data-e-type=\"container\" data-settings=\"{&quot;background_background&quot;:&quot;classic&quot;,&quot;jet_parallax_layout_list&quot;:[]}\">\n\t\t\t\t<div class=\"elementor-element elementor-element-2720242 elementor-widget elementor-widget-icon-box\" data-id=\"2720242\" data-element_type=\"widget\" data-e-type=\"widget\" data-widget_type=\"icon-box.default\">\n\t\t\t\t<div class=\"elementor-widget-container\">\n\t\t\t\t\t\t\t<div class=\"elementor-icon-box-wrapper\">\n\n\t\t\t\n\t\t\t\t\t\t<div class=\"elementor-icon-box-content\">\n\n\t\t\t\t\t\t\t\t\t<h6 class=\"elementor-icon-box-title\">\n\t\t\t\t\t\t<span  >\n\t\t\t\t\t\t\tMariages et occasions sp\u00e9ciales\t\t\t\t\t\t<\/span>\n\t\t\t\t\t<\/h6>\n\t\t\t\t\n\t\t\t\t\t\t\t\t\t<p class=\"elementor-icon-box-description\">\n\t\t\t\t\t\tC\u00e9l\u00e9brez les moments les plus pr\u00e9cieux de votre vie au c\u0153ur de la campagne du comt\u00e9 de Durham. Mariages intimes, renouvellements de v\u0153ux, anniversaires marquants, r\u00e9unions de famille\u2026 Le domaine offre un cadre unique o\u00f9 le charme rustique se m\u00eale au luxe moderne. Avec des h\u00e9bergements modulables, des jacuzzis priv\u00e9s et des vues imprenables, vous et vos invit\u00e9s pourrez vous d\u00e9tendre, vous ressourcer et cr\u00e9er ensemble des souvenirs inoubliables.\n\t\t\t\t\t<\/p>\n\t\t\t\t\n\t\t\t<\/div>\n\t\t\t\n\t\t<\/div>\n\t\t\t\t\t\t<\/div>\n\t\t\t\t<\/div>\n\t\t\t\t<div class=\"elementor-element elementor-element-8e49197 elementor-widget elementor-widget-button\" data-id=\"8e49197\" data-element_type=\"widget\" data-e-type=\"widget\" data-widget_type=\"button.default\">\n\t\t\t\t<div class=\"elementor-widget-container\">\n\t\t\t\t\t\t\t\t\t<div class=\"elementor-button-wrapper\">\n\t\t\t\t\t<a class=\"elementor-button elementor-button-link elementor-size-sm\" href=\"#elementor-action%3Aaction%3Dpopup%3Aopen%26settings%3DeyJpZCI6IjE5OTg4NiIsInRvZ2dsZSI6ZmFsc2V9\">\n\t\t\t\t\t\t<span class=\"elementor-button-content-wrapper\">\n\t\t\t\t\t\t\t\t\t<span class=\"elementor-button-text\">Manifestez votre int\u00e9r\u00eat<\/span>\n\t\t\t\t\t<\/span>\n\t\t\t\t\t<\/a>\n\t\t\t\t<\/div>\n\t\t\t\t\t\t\t\t<\/div>\n\t\t\t\t<\/div>\n\t\t\t\t<\/div>\n\t\t<div class=\"elementor-element elementor-element-8b51284 e-con-full e-flex e-con e-child\" data-id=\"8b51284\" data-element_type=\"container\" data-e-type=\"container\" data-settings=\"{&quot;background_background&quot;:&quot;classic&quot;,&quot;jet_parallax_layout_list&quot;:[]}\">\n\t\t\t\t<div class=\"elementor-element elementor-element-61d802c elementor-widget elementor-widget-spacer\" data-id=\"61d802c\" data-element_type=\"widget\" data-e-type=\"widget\" data-widget_type=\"spacer.default\">\n\t\t\t\t<div class=\"elementor-widget-container\">\n\t\t\t\t\t\t\t<div class=\"elementor-spacer\">\n\t\t\t<div class=\"elementor-spacer-inner\"><\/div>\n\t\t<\/div>\n\t\t\t\t\t\t<\/div>\n\t\t\t\t<\/div>\n\t\t\t\t<\/div>\n\t\t\t\t<\/div>\n\t\t<div class=\"elementor-element elementor-element-4b1f6bb e-grid animated-fast e-con-full elementor-invisible e-con e-child\" data-id=\"4b1f6bb\" data-element_type=\"container\" data-e-type=\"container\" data-settings=\"{&quot;animation&quot;:&quot;fadeIn&quot;,&quot;animation_delay&quot;:500,&quot;jet_parallax_layout_list&quot;:[]}\">\n\t\t<div class=\"elementor-element elementor-element-63c563f e-con-full e-flex e-con e-child\" data-id=\"63c563f\" data-element_type=\"container\" data-e-type=\"container\" data-settings=\"{&quot;background_background&quot;:&quot;classic&quot;,&quot;jet_parallax_layout_list&quot;:[]}\">\n\t\t\t\t<div class=\"elementor-element elementor-element-658ada9 elementor-widget elementor-widget-icon-box\" data-id=\"658ada9\" data-element_type=\"widget\" data-e-type=\"widget\" data-widget_type=\"icon-box.default\">\n\t\t\t\t<div class=\"elementor-widget-container\">\n\t\t\t\t\t\t\t<div class=\"elementor-icon-box-wrapper\">\n\n\t\t\t\n\t\t\t\t\t\t<div class=\"elementor-icon-box-content\">\n\n\t\t\t\t\t\t\t\t\t<h6 class=\"elementor-icon-box-title\">\n\t\t\t\t\t\t<span  >\n\t\t\t\t\t\t\tService traiteur priv\u00e9 \/ Chef \u00e0 domicile \u2013 Prochainement\t\t\t\t\t\t<\/span>\n\t\t\t\t\t<\/h6>\n\t\t\t\t\n\t\t\t\t\n\t\t\t<\/div>\n\t\t\t\n\t\t<\/div>\n\t\t\t\t\t\t<\/div>\n\t\t\t\t<\/div>\n\t\t\t\t<div class=\"elementor-element elementor-element-2a3ca76 elementor-widget elementor-widget-text-editor\" data-id=\"2a3ca76\" data-element_type=\"widget\" data-e-type=\"widget\" data-widget_type=\"text-editor.default\">\n\t\t\t\t<div class=\"elementor-widget-container\">\n\t\t\t\t\t\t\t\t\t<p><span style=\"font-weight: 400;\">Imaginez-vous r\u00e9unis en famille, entre amis ou entre coll\u00e8gues au Barn Oakenshaw, sans avoir \u00e0 vous soucier de la cuisine. Notre service de restauration priv\u00e9e, bient\u00f4t disponible, vous permettra de d\u00e9guster des repas inoubliables pr\u00e9par\u00e9s par des chefs locaux talentueux, directement \u00e0 votre table.<\/span><\/p><p><span style=\"font-weight: 400;\">Des d\u00eeners intimes \u00e0 trois plats aux festins de f\u00eate pour les grands groupes, les menus mettront en valeur le meilleur des produits de saison du comt\u00e9 de Durham\u00a0: ingr\u00e9dients frais de la ferme, grands classiques anglais et plats internationaux raffin\u00e9s. Les convives pourront choisir parmi\u00a0:<\/span><\/p><ul><li><span style=\"font-weight: 400;\"> \u00a0 \u00a0 \u00a0 <\/span> <span style=\"font-weight: 400;\">Menus personnalis\u00e9s \u2013 con\u00e7us selon vos pr\u00e9f\u00e9rences, vos besoins alimentaires et l&#039;occasion.<\/span><\/li><li><span style=\"font-weight: 400;\"> \u00a0 \u00a0 \u00a0 <\/span> <span style=\"font-weight: 400;\">Service \u00e0 table \u2013 un repas de qualit\u00e9 restaurant dans le confort et l&#039;intimit\u00e9 de votre propri\u00e9t\u00e9 \u00e0 usage exclusif.<\/span><\/li><li><span style=\"font-weight: 400;\"> \u00a0 \u00a0 \u00a0 <\/span> <span style=\"font-weight: 400;\">Des exp\u00e9riences sp\u00e9ciales \u2013 telles que des soir\u00e9es de d\u00e9gustation de vins, des th\u00e9s de l&#039;apr\u00e8s-midi ou des banquets de c\u00e9l\u00e9bration.<\/span><\/li><\/ul><p><span style=\"font-weight: 400;\">\u00a0<\/span><span style=\"font-weight: 400;\">Ce nouveau service a pour but de transformer un s\u00e9jour en une exp\u00e9rience de luxe compl\u00e8te, o\u00f9 l&#039;hospitalit\u00e9 s&#039;\u00e9tend au-del\u00e0 de l&#039;h\u00e9bergement pour inclure la gastronomie raffin\u00e9e.<\/span><\/p><p><i><span style=\"font-weight: 400;\">Manifestez votre int\u00e9r\u00eat d\u00e8s aujourd&#039;hui pour \u00eatre parmi les premiers \u00e0 d\u00e9couvrir cette exp\u00e9rience de restauration sur mesure lors de son lancement.<\/span><\/i><\/p>\t\t\t\t\t\t\t\t<\/div>\n\t\t\t\t<\/div>\n\t\t\t\t<div class=\"elementor-element elementor-element-b4fd256 elementor-widget elementor-widget-button\" data-id=\"b4fd256\" data-element_type=\"widget\" data-e-type=\"widget\" data-widget_type=\"button.default\">\n\t\t\t\t<div class=\"elementor-widget-container\">\n\t\t\t\t\t\t\t\t\t<div class=\"elementor-button-wrapper\">\n\t\t\t\t\t<a class=\"elementor-button elementor-button-link elementor-size-sm\" href=\"#elementor-action%3Aaction%3Dpopup%3Aopen%26settings%3DeyJpZCI6IjE5OTgyNCIsInRvZ2dsZSI6ZmFsc2V9\">\n\t\t\t\t\t\t<span class=\"elementor-button-content-wrapper\">\n\t\t\t\t\t\t\t\t\t<span class=\"elementor-button-text\">Manifestez votre int\u00e9r\u00eat<\/span>\n\t\t\t\t\t<\/span>\n\t\t\t\t\t<\/a>\n\t\t\t\t<\/div>\n\t\t\t\t\t\t\t\t<\/div>\n\t\t\t\t<\/div>\n\t\t\t\t<\/div>\n\t\t<div class=\"elementor-element elementor-element-dbc5f01 e-con-full e-flex e-con e-child\" data-id=\"dbc5f01\" data-element_type=\"container\" data-e-type=\"container\" data-settings=\"{&quot;background_background&quot;:&quot;classic&quot;,&quot;jet_parallax_layout_list&quot;:[]}\">\n\t\t\t\t<div class=\"elementor-element elementor-element-71af123 elementor-widget elementor-widget-spacer\" data-id=\"71af123\" data-element_type=\"widget\" data-e-type=\"widget\" data-widget_type=\"spacer.default\">\n\t\t\t\t<div class=\"elementor-widget-container\">\n\t\t\t\t\t\t\t<div class=\"elementor-spacer\">\n\t\t\t<div class=\"elementor-spacer-inner\"><\/div>\n\t\t<\/div>\n\t\t\t\t\t\t<\/div>\n\t\t\t\t<\/div>\n\t\t\t\t<\/div>\n\t\t\t\t<\/div>\n\t\t\t\t\t<\/div>\n\t\t\t\t<\/div>\n\t\t\t\t<\/div>","protected":false},"excerpt":{"rendered":"<p>Events &amp; Packages Welcome to The Barn Oakenshaw \u2014 a private six-acre luxury estate in the heart of County Durham. Once part of Oakenshaw\u2019s historic farmland, the estate has been transformed into a premium retreat where heritage, craftsmanship and natural beauty come together. \u00a0 Welcome to The Barn Oakenshaw \u2014 a private six-acre estate where [&hellip;]<\/p>\n","protected":false},"author":55,"featured_media":0,"parent":0,"menu_order":0,"comment_status":"closed","ping_status":"closed","template":"","meta":{"_acf_changed":false,"footnotes":""},"class_list":["post-199769","page","type-page","status-publish","hentry"],"acf":[],"_links":{"self":[{"href":"https:\/\/thebarnoakenshaw.co.uk\/fr\/wp-json\/wp\/v2\/pages\/199769","targetHints":{"allow":["GET"]}}],"collection":[{"href":"https:\/\/thebarnoakenshaw.co.uk\/fr\/wp-json\/wp\/v2\/pages"}],"about":[{"href":"https:\/\/thebarnoakenshaw.co.uk\/fr\/wp-json\/wp\/v2\/types\/page"}],"author":[{"embeddable":true,"href":"https:\/\/thebarnoakenshaw.co.uk\/fr\/wp-json\/wp\/v2\/users\/55"}],"replies":[{"embeddable":true,"href":"https:\/\/thebarnoakenshaw.co.uk\/fr\/wp-json\/wp\/v2\/comments?post=199769"}],"version-history":[{"count":57,"href":"https:\/\/thebarnoakenshaw.co.uk\/fr\/wp-json\/wp\/v2\/pages\/199769\/revisions"}],"predecessor-version":[{"id":202083,"href":"https:\/\/thebarnoakenshaw.co.uk\/fr\/wp-json\/wp\/v2\/pages\/199769\/revisions\/202083"}],"wp:attachment":[{"href":"https:\/\/thebarnoakenshaw.co.uk\/fr\/wp-json\/wp\/v2\/media?parent=199769"}],"curies":[{"name":"wp","href":"https:\/\/api.w.org\/{rel}","templated":true}]}}