{"id":199769,"date":"2025-09-25T08:11:45","date_gmt":"2025-09-25T08:11:45","guid":{"rendered":"https:\/\/thebarnoakenshaw.co.uk\/?page_id=199769"},"modified":"2026-03-23T04:46:32","modified_gmt":"2026-03-23T04:46:32","slug":"events-packages","status":"publish","type":"page","link":"https:\/\/thebarnoakenshaw.co.uk\/es\/events-packages\/","title":{"rendered":"Eventos y paquetes"},"content":{"rendered":"<div data-elementor-type=\"wp-page\" data-elementor-id=\"199769\" class=\"elementor elementor-199769\" data-elementor-post-type=\"page\">\n\t\t\t\t\t\t<section class=\"elementor-section elementor-top-section elementor-element elementor-element-8968138 elementor-section-height-min-height elementor-section-boxed elementor-section-height-default elementor-section-items-middle\" data-id=\"8968138\" data-element_type=\"section\" data-e-type=\"section\" data-settings=\"{&quot;jet_parallax_layout_list&quot;:[],&quot;background_background&quot;:&quot;classic&quot;}\">\n\t\t\t\t\t\t\t<div class=\"elementor-background-overlay\"><\/div>\n\t\t\t\t\t\t\t<div class=\"elementor-container elementor-column-gap-wider\">\n\t\t\t\t\t<div class=\"elementor-column elementor-col-100 elementor-top-column elementor-element elementor-element-1c0cf81\" data-id=\"1c0cf81\" data-element_type=\"column\" data-e-type=\"column\">\n\t\t\t<div class=\"elementor-widget-wrap elementor-element-populated\">\n\t\t\t\t\t\t<div class=\"elementor-element elementor-element-8b05288 elementor-widget elementor-widget-spacer\" data-id=\"8b05288\" data-element_type=\"widget\" data-e-type=\"widget\" data-widget_type=\"spacer.default\">\n\t\t\t\t<div class=\"elementor-widget-container\">\n\t\t\t\t\t\t\t<div class=\"elementor-spacer\">\n\t\t\t<div class=\"elementor-spacer-inner\"><\/div>\n\t\t<\/div>\n\t\t\t\t\t\t<\/div>\n\t\t\t\t<\/div>\n\t\t\t\t<div class=\"elementor-element elementor-element-9dccca1 elementor-widget elementor-widget-heading\" data-id=\"9dccca1\" data-element_type=\"widget\" data-e-type=\"widget\" data-widget_type=\"heading.default\">\n\t\t\t\t<div class=\"elementor-widget-container\">\n\t\t\t\t\t<h1 class=\"elementor-heading-title elementor-size-default\">Eventos y paquetes<\/h1>\t\t\t\t<\/div>\n\t\t\t\t<\/div>\n\t\t\t\t<div class=\"elementor-element elementor-element-4e3339b elementor-widget elementor-widget-text-editor\" data-id=\"4e3339b\" data-element_type=\"widget\" data-e-type=\"widget\" data-widget_type=\"text-editor.default\">\n\t\t\t\t<div class=\"elementor-widget-container\">\n\t\t\t\t\t\t\t\t\t<p data-start=\"309\" data-end=\"571\"><strong data-start=\"309\" data-end=\"342\">Bienvenido a The Barn Oakenshaw<\/strong> \u2014 Una finca privada de lujo de seis acres en el coraz\u00f3n del condado de Durham. Anta\u00f1o parte de las hist\u00f3ricas tierras agr\u00edcolas de Oakenshaw, la finca se ha transformado en un refugio de lujo donde se fusionan el patrimonio, la artesan\u00eda y la belleza natural.<\/p><p data-start=\"1290\" data-end=\"1536\">\u00a0<\/p>\t\t\t\t\t\t\t\t<\/div>\n\t\t\t\t<\/div>\n\t\t\t\t\t<\/div>\n\t\t<\/div>\n\t\t\t\t\t<\/div>\n\t\t<\/section>\n\t\t<div class=\"elementor-element elementor-element-b459443 e-flex e-con-boxed e-con e-parent\" data-id=\"b459443\" data-element_type=\"container\" data-e-type=\"container\" data-settings=\"{&quot;jet_parallax_layout_list&quot;:[]}\">\n\t\t\t\t\t<div class=\"e-con-inner\">\n\t\t\t\t<div class=\"elementor-element elementor-element-4e6016c elementor-widget elementor-widget-spacer\" data-id=\"4e6016c\" data-element_type=\"widget\" data-e-type=\"widget\" data-widget_type=\"spacer.default\">\n\t\t\t\t<div class=\"elementor-widget-container\">\n\t\t\t\t\t\t\t<div class=\"elementor-spacer\">\n\t\t\t<div class=\"elementor-spacer-inner\"><\/div>\n\t\t<\/div>\n\t\t\t\t\t\t<\/div>\n\t\t\t\t<\/div>\n\t\t\t\t\t<\/div>\n\t\t\t\t<\/div>\n\t\t<div class=\"elementor-element elementor-element-f8304f0 e-flex e-con-boxed e-con e-parent\" data-id=\"f8304f0\" data-element_type=\"container\" data-e-type=\"container\" data-settings=\"{&quot;jet_parallax_layout_list&quot;:[]}\">\n\t\t\t\t\t<div class=\"e-con-inner\">\n\t\t\t\t<div class=\"elementor-element elementor-element-3962d80 elementor-widget elementor-widget-text-editor\" data-id=\"3962d80\" data-element_type=\"widget\" data-e-type=\"widget\" data-widget_type=\"text-editor.default\">\n\t\t\t\t<div class=\"elementor-widget-container\">\n\t\t\t\t\t\t\t\t\t<p data-start=\"573\" data-end=\"857\">Bienvenido a The Barn Oakenshaw, una finca privada de seis acres donde el rico patrimonio de Durham se fusiona con el lujo moderno, la naturaleza y la artesan\u00eda. Ubicada en un terreno que anta\u00f1o fue moldeado por siglos de agricultura y tradici\u00f3n rural, la finca se ha reinventado para convertirse en un refugio de lujo que honra su pasado y ofrece experiencias inolvidables a los hu\u00e9spedes de hoy.<\/p><p data-start=\"573\" data-end=\"857\"><span style=\"color: inherit; background-color: inherit; letter-spacing: inherit;\">En el coraz\u00f3n de la finca se encuentra nuestro edificio de piedra original de 1852, restaurado con esmero para preservar el car\u00e1cter y el encanto de su \u00e9poca. Al otro lado del terreno se encuentra nuestra extraordinaria caba\u00f1a de madera finlandesa, construida a mano con troncos escandinavos centenarios de origen sostenible: un homenaje a la artesan\u00eda, la resiliencia y la belleza natural. Juntos crean un espacio \u00fanico que combina la arquitectura hist\u00f3rica con una inmersi\u00f3n atemporal en la naturaleza.<\/span><\/p><p data-start=\"573\" data-end=\"857\"><span style=\"color: inherit; background-color: inherit; letter-spacing: inherit;\">La identidad de la finca est\u00e1 profundamente ligada al legado de Durham, representado a trav\u00e9s del motivo de la torreta y el caballero en nuestra marca, que simboliza protecci\u00f3n, fortaleza y herencia. Esta tem\u00e1tica contin\u00faa al llegar con nuestro mosaico artesanal de vacas de las Highlands, un significativo gui\u00f1o a las ra\u00edces agr\u00edcolas de Oakenshaw y al paisaje que defini\u00f3 la vida aqu\u00ed durante generaciones.<\/span><\/p><p data-start=\"573\" data-end=\"857\"><span style=\"color: inherit; background-color: inherit; letter-spacing: inherit;\">Todo esto lo rodea un santuario viviente: m\u00e1s de 2000 \u00e1rboles de diversas especies, cuidadosamente plantados para restaurar la tierra y acoger la vida silvestre, dotando a la naturaleza de un lugar privilegiado en cada estancia. Ya sea para bodas, retiros corporativos, escapadas de bienestar o celebraciones exclusivas, los hu\u00e9spedes experimentan no solo un alojamiento de lujo, sino un lugar donde la historia, el paisaje y la artesan\u00eda se entrelazan en perfecta armon\u00eda.<\/span><\/p>\t\t\t\t\t\t\t\t<\/div>\n\t\t\t\t<\/div>\n\t\t\t\t\t<\/div>\n\t\t\t\t<\/div>\n\t\t<div class=\"elementor-element elementor-element-63d644bc e-flex e-con-boxed e-con e-parent\" data-id=\"63d644bc\" data-element_type=\"container\" data-e-type=\"container\" data-settings=\"{&quot;background_background&quot;:&quot;classic&quot;,&quot;jet_parallax_layout_list&quot;:[]}\">\n\t\t\t\t\t<div class=\"e-con-inner\">\n\t\t<div class=\"elementor-element elementor-element-237f4aa e-grid animated-fast e-con-full elementor-invisible e-con e-child\" data-id=\"237f4aa\" data-element_type=\"container\" data-e-type=\"container\" data-settings=\"{&quot;animation&quot;:&quot;fadeIn&quot;,&quot;animation_delay&quot;:500,&quot;jet_parallax_layout_list&quot;:[]}\">\n\t\t<div class=\"elementor-element elementor-element-1068150 e-con-full e-flex e-con e-child\" data-id=\"1068150\" data-element_type=\"container\" data-e-type=\"container\" data-settings=\"{&quot;background_background&quot;:&quot;classic&quot;,&quot;jet_parallax_layout_list&quot;:[]}\">\n\t\t\t\t<div class=\"elementor-element elementor-element-2720242 elementor-widget elementor-widget-icon-box\" data-id=\"2720242\" data-element_type=\"widget\" data-e-type=\"widget\" data-widget_type=\"icon-box.default\">\n\t\t\t\t<div class=\"elementor-widget-container\">\n\t\t\t\t\t\t\t<div class=\"elementor-icon-box-wrapper\">\n\n\t\t\t\n\t\t\t\t\t\t<div class=\"elementor-icon-box-content\">\n\n\t\t\t\t\t\t\t\t\t<h6 class=\"elementor-icon-box-title\">\n\t\t\t\t\t\t<span  >\n\t\t\t\t\t\t\tBodas y ocasiones especiales\t\t\t\t\t\t<\/span>\n\t\t\t\t\t<\/h6>\n\t\t\t\t\n\t\t\t\t\t\t\t\t\t<p class=\"elementor-icon-box-description\">\n\t\t\t\t\t\tCelebre los momentos m\u00e1s importantes de su vida en el coraz\u00f3n de la campi\u00f1a del condado de Durham. Desde bodas \u00edntimas y renovaciones de votos hasta cumplea\u00f1os especiales y reuniones familiares, The Estate ofrece un entorno \u00fanico que combina el encanto r\u00fastico con el lujo moderno. Con alojamiento vers\u00e1til, jacuzzis privados y vistas impresionantes, usted y sus invitados podr\u00e1n relajarse, reconectar y crear recuerdos inolvidables juntos.\n\t\t\t\t\t<\/p>\n\t\t\t\t\n\t\t\t<\/div>\n\t\t\t\n\t\t<\/div>\n\t\t\t\t\t\t<\/div>\n\t\t\t\t<\/div>\n\t\t\t\t<div class=\"elementor-element elementor-element-8e49197 elementor-widget elementor-widget-button\" data-id=\"8e49197\" data-element_type=\"widget\" data-e-type=\"widget\" data-widget_type=\"button.default\">\n\t\t\t\t<div class=\"elementor-widget-container\">\n\t\t\t\t\t\t\t\t\t<div class=\"elementor-button-wrapper\">\n\t\t\t\t\t<a class=\"elementor-button elementor-button-link elementor-size-sm\" href=\"#elementor-action%3Aaction%3Dpopup%3Aopen%26settings%3DeyJpZCI6IjE5OTg4NiIsInRvZ2dsZSI6ZmFsc2V9\">\n\t\t\t\t\t\t<span class=\"elementor-button-content-wrapper\">\n\t\t\t\t\t\t\t\t\t<span class=\"elementor-button-text\">Registre su inter\u00e9s<\/span>\n\t\t\t\t\t<\/span>\n\t\t\t\t\t<\/a>\n\t\t\t\t<\/div>\n\t\t\t\t\t\t\t\t<\/div>\n\t\t\t\t<\/div>\n\t\t\t\t<\/div>\n\t\t<div class=\"elementor-element elementor-element-8b51284 e-con-full e-flex e-con e-child\" data-id=\"8b51284\" data-element_type=\"container\" data-e-type=\"container\" data-settings=\"{&quot;background_background&quot;:&quot;classic&quot;,&quot;jet_parallax_layout_list&quot;:[]}\">\n\t\t\t\t<div class=\"elementor-element elementor-element-61d802c elementor-widget elementor-widget-spacer\" data-id=\"61d802c\" data-element_type=\"widget\" data-e-type=\"widget\" data-widget_type=\"spacer.default\">\n\t\t\t\t<div class=\"elementor-widget-container\">\n\t\t\t\t\t\t\t<div class=\"elementor-spacer\">\n\t\t\t<div class=\"elementor-spacer-inner\"><\/div>\n\t\t<\/div>\n\t\t\t\t\t\t<\/div>\n\t\t\t\t<\/div>\n\t\t\t\t<\/div>\n\t\t\t\t<\/div>\n\t\t<div class=\"elementor-element elementor-element-4b1f6bb e-grid animated-fast e-con-full elementor-invisible e-con e-child\" data-id=\"4b1f6bb\" data-element_type=\"container\" data-e-type=\"container\" data-settings=\"{&quot;animation&quot;:&quot;fadeIn&quot;,&quot;animation_delay&quot;:500,&quot;jet_parallax_layout_list&quot;:[]}\">\n\t\t<div class=\"elementor-element elementor-element-63c563f e-con-full e-flex e-con e-child\" data-id=\"63c563f\" data-element_type=\"container\" data-e-type=\"container\" data-settings=\"{&quot;background_background&quot;:&quot;classic&quot;,&quot;jet_parallax_layout_list&quot;:[]}\">\n\t\t\t\t<div class=\"elementor-element elementor-element-658ada9 elementor-widget elementor-widget-icon-box\" data-id=\"658ada9\" data-element_type=\"widget\" data-e-type=\"widget\" data-widget_type=\"icon-box.default\">\n\t\t\t\t<div class=\"elementor-widget-container\">\n\t\t\t\t\t\t\t<div class=\"elementor-icon-box-wrapper\">\n\n\t\t\t\n\t\t\t\t\t\t<div class=\"elementor-icon-box-content\">\n\n\t\t\t\t\t\t\t\t\t<h6 class=\"elementor-icon-box-title\">\n\t\t\t\t\t\t<span  >\n\t\t\t\t\t\t\tCatering privado \/ Contrataci\u00f3n de chef \u2013 Pr\u00f3ximamente\t\t\t\t\t\t<\/span>\n\t\t\t\t\t<\/h6>\n\t\t\t\t\n\t\t\t\t\n\t\t\t<\/div>\n\t\t\t\n\t\t<\/div>\n\t\t\t\t\t\t<\/div>\n\t\t\t\t<\/div>\n\t\t\t\t<div class=\"elementor-element elementor-element-2a3ca76 elementor-widget elementor-widget-text-editor\" data-id=\"2a3ca76\" data-element_type=\"widget\" data-e-type=\"widget\" data-widget_type=\"text-editor.default\">\n\t\t\t\t<div class=\"elementor-widget-container\">\n\t\t\t\t\t\t\t\t\t<p><span style=\"font-weight: 400;\">Imagina reunirte con tu familia, amigos o compa\u00f1eros de trabajo en The Barn Oakenshaw sin tener que mover un dedo en la cocina. Nuestro pr\u00f3ximo servicio de cenas privadas llevar\u00e1 a talentosos chefs locales directamente a tu mesa, creando comidas inolvidables a tu medida.<\/span><\/p><p><span style=\"font-weight: 400;\">Desde cenas \u00edntimas de tres platos hasta banquetes de celebraci\u00f3n para grupos m\u00e1s grandes, los men\u00fas mostrar\u00e1n lo mejor de los productos de temporada del condado de Durham: ingredientes frescos de granja, cl\u00e1sicos ingleses contundentes y refinados platos internacionales. Los comensales podr\u00e1n elegir entre:<\/span><\/p><ul><li><span style=\"font-weight: 400;\"> \u00a0 \u00a0 \u00a0 <\/span> <span style=\"font-weight: 400;\">Men\u00fas personalizados: dise\u00f1ados seg\u00fan sus preferencias, necesidades diet\u00e9ticas y ocasi\u00f3n.<\/span><\/li><li><span style=\"font-weight: 400;\"> \u00a0 \u00a0 \u00a0 <\/span> <span style=\"font-weight: 400;\">Servicio de mesa: comidas con calidad de restaurante en la comodidad y privacidad de su propiedad de uso exclusivo.<\/span><\/li><li><span style=\"font-weight: 400;\"> \u00a0 \u00a0 \u00a0 <\/span> <span style=\"font-weight: 400;\">Experiencias especiales, como noches de cata de vinos combinados, t\u00e9s de la tarde o banquetes de celebraci\u00f3n.<\/span><\/li><\/ul><p><span style=\"font-weight: 400;\">\u00a0<\/span><span style=\"font-weight: 400;\">Este pr\u00f3ximo servicio est\u00e1 dise\u00f1ado para transformar una estad\u00eda en una experiencia de lujo total, donde la hospitalidad se extiende m\u00e1s all\u00e1 del alojamiento al \u00e1mbito de la alta gastronom\u00eda.<\/span><\/p><p><i><span style=\"font-weight: 400;\">Registre su inter\u00e9s hoy para ser el primero en probar esta experiencia de catering a medida cuando se lance.<\/span><\/i><\/p>\t\t\t\t\t\t\t\t<\/div>\n\t\t\t\t<\/div>\n\t\t\t\t<div class=\"elementor-element elementor-element-b4fd256 elementor-widget elementor-widget-button\" data-id=\"b4fd256\" data-element_type=\"widget\" data-e-type=\"widget\" data-widget_type=\"button.default\">\n\t\t\t\t<div class=\"elementor-widget-container\">\n\t\t\t\t\t\t\t\t\t<div class=\"elementor-button-wrapper\">\n\t\t\t\t\t<a class=\"elementor-button elementor-button-link elementor-size-sm\" href=\"#elementor-action%3Aaction%3Dpopup%3Aopen%26settings%3DeyJpZCI6IjE5OTgyNCIsInRvZ2dsZSI6ZmFsc2V9\">\n\t\t\t\t\t\t<span class=\"elementor-button-content-wrapper\">\n\t\t\t\t\t\t\t\t\t<span class=\"elementor-button-text\">Registre su inter\u00e9s<\/span>\n\t\t\t\t\t<\/span>\n\t\t\t\t\t<\/a>\n\t\t\t\t<\/div>\n\t\t\t\t\t\t\t\t<\/div>\n\t\t\t\t<\/div>\n\t\t\t\t<\/div>\n\t\t<div class=\"elementor-element elementor-element-dbc5f01 e-con-full e-flex e-con e-child\" data-id=\"dbc5f01\" data-element_type=\"container\" data-e-type=\"container\" data-settings=\"{&quot;background_background&quot;:&quot;classic&quot;,&quot;jet_parallax_layout_list&quot;:[]}\">\n\t\t\t\t<div class=\"elementor-element elementor-element-71af123 elementor-widget elementor-widget-spacer\" data-id=\"71af123\" data-element_type=\"widget\" data-e-type=\"widget\" data-widget_type=\"spacer.default\">\n\t\t\t\t<div class=\"elementor-widget-container\">\n\t\t\t\t\t\t\t<div class=\"elementor-spacer\">\n\t\t\t<div class=\"elementor-spacer-inner\"><\/div>\n\t\t<\/div>\n\t\t\t\t\t\t<\/div>\n\t\t\t\t<\/div>\n\t\t\t\t<\/div>\n\t\t\t\t<\/div>\n\t\t\t\t\t<\/div>\n\t\t\t\t<\/div>\n\t\t\t\t<\/div>","protected":false},"excerpt":{"rendered":"<p>Events &amp; Packages Welcome to The Barn Oakenshaw \u2014 a private six-acre luxury estate in the heart of County Durham. Once part of Oakenshaw\u2019s historic farmland, the estate has been transformed into a premium retreat where heritage, craftsmanship and natural beauty come together. \u00a0 Welcome to The Barn Oakenshaw \u2014 a private six-acre estate where [&hellip;]<\/p>\n","protected":false},"author":55,"featured_media":0,"parent":0,"menu_order":0,"comment_status":"closed","ping_status":"closed","template":"","meta":{"_acf_changed":false,"footnotes":""},"class_list":["post-199769","page","type-page","status-publish","hentry"],"acf":[],"_links":{"self":[{"href":"https:\/\/thebarnoakenshaw.co.uk\/es\/wp-json\/wp\/v2\/pages\/199769","targetHints":{"allow":["GET"]}}],"collection":[{"href":"https:\/\/thebarnoakenshaw.co.uk\/es\/wp-json\/wp\/v2\/pages"}],"about":[{"href":"https:\/\/thebarnoakenshaw.co.uk\/es\/wp-json\/wp\/v2\/types\/page"}],"author":[{"embeddable":true,"href":"https:\/\/thebarnoakenshaw.co.uk\/es\/wp-json\/wp\/v2\/users\/55"}],"replies":[{"embeddable":true,"href":"https:\/\/thebarnoakenshaw.co.uk\/es\/wp-json\/wp\/v2\/comments?post=199769"}],"version-history":[{"count":57,"href":"https:\/\/thebarnoakenshaw.co.uk\/es\/wp-json\/wp\/v2\/pages\/199769\/revisions"}],"predecessor-version":[{"id":202083,"href":"https:\/\/thebarnoakenshaw.co.uk\/es\/wp-json\/wp\/v2\/pages\/199769\/revisions\/202083"}],"wp:attachment":[{"href":"https:\/\/thebarnoakenshaw.co.uk\/es\/wp-json\/wp\/v2\/media?parent=199769"}],"curies":[{"name":"wp","href":"https:\/\/api.w.org\/{rel}","templated":true}]}}