{"id":196974,"date":"2024-11-20T11:06:56","date_gmt":"2024-11-20T11:06:56","guid":{"rendered":"https:\/\/thebarnoakenshaw.co.uk\/?page_id=196974"},"modified":"2025-10-15T07:58:10","modified_gmt":"2025-10-15T07:58:10","slug":"terms-and-conditions","status":"publish","type":"page","link":"https:\/\/thebarnoakenshaw.co.uk\/es\/terms-and-conditions\/","title":{"rendered":"T\u00e9rminos y condiciones"},"content":{"rendered":"<div data-elementor-type=\"wp-page\" data-elementor-id=\"196974\" class=\"elementor elementor-196974\" data-elementor-post-type=\"page\">\n\t\t\t\t<div class=\"elementor-element elementor-element-fcca0c6 e-flex e-con-boxed e-con e-parent\" data-id=\"fcca0c6\" data-element_type=\"container\" data-e-type=\"container\" data-settings=\"{&quot;jet_parallax_layout_list&quot;:[],&quot;background_background&quot;:&quot;classic&quot;}\">\n\t\t\t\t\t<div class=\"e-con-inner\">\n\t\t<div class=\"elementor-element elementor-element-37c4800 e-con-full e-flex e-con e-child\" data-id=\"37c4800\" data-element_type=\"container\" data-e-type=\"container\" data-settings=\"{&quot;jet_parallax_layout_list&quot;:[]}\">\n\t\t\t\t<div class=\"elementor-element elementor-element-f1886a7 elementor-widget elementor-widget-heading\" data-id=\"f1886a7\" data-element_type=\"widget\" data-e-type=\"widget\" data-widget_type=\"heading.default\">\n\t\t\t\t<div class=\"elementor-widget-container\">\n\t\t\t\t\t<h2 class=\"elementor-heading-title elementor-size-default\">T\u00e9rminos y condiciones<\/h2>\t\t\t\t<\/div>\n\t\t\t\t<\/div>\n\t\t\t\t<\/div>\n\t\t\t\t\t<\/div>\n\t\t\t\t<\/div>\n\t\t\t\t<section class=\"elementor-section elementor-top-section elementor-element elementor-element-6e5edd4 elementor-section-boxed elementor-section-height-default elementor-section-height-default\" data-id=\"6e5edd4\" data-element_type=\"section\" data-e-type=\"section\" data-settings=\"{&quot;jet_parallax_layout_list&quot;:[],&quot;background_background&quot;:&quot;classic&quot;}\">\n\t\t\t\t\t\t<div class=\"elementor-container elementor-column-gap-default\">\n\t\t\t\t\t<div class=\"elementor-column elementor-col-100 elementor-top-column elementor-element elementor-element-f2b9411\" data-id=\"f2b9411\" data-element_type=\"column\" data-e-type=\"column\">\n\t\t\t<div class=\"elementor-widget-wrap elementor-element-populated\">\n\t\t\t\t\t\t<div class=\"elementor-element elementor-element-91ced21 elementor-widget elementor-widget-text-editor\" data-id=\"91ced21\" data-element_type=\"widget\" data-e-type=\"widget\" data-widget_type=\"text-editor.default\">\n\t\t\t\t<div class=\"elementor-widget-container\">\n\t\t\t\t\t\t\t\t\t<p><strong>El granero Oakenshaw Ltd<\/strong><\/p><p>Al realizar una reserva con The Barn Oakenshaw Ltd (\u201cnosotros\u201d, \u201cnuestro\/a\/os\/as\u201d, \u201cnos\u201d), usted (\u201chu\u00e9sped\u201d, \u201custed\u201d) acepta los siguientes T\u00e9rminos y Condiciones. Estos t\u00e9rminos rigen su estancia en nuestra propiedad y el uso de nuestro sitio web y plataformas de reserva.<\/p><p><strong>1. Reserva y pago<\/strong><br \/>1.1 Las reservas solo se confirman una vez que se recibe el pago completo (o dep\u00f3sito si corresponde) y usted ha recibido una confirmaci\u00f3n de reserva por escrito.<br \/>1.2 La persona que realiza la reserva debe ser mayor de 18 a\u00f1os y acepta la responsabilidad de todos los miembros de su grupo.<br \/>1.3 Nos reservamos el derecho de cancelar reservas cuando no se cumplan las condiciones de pago.<\/p><p><strong>2. Cancelaci\u00f3n y reembolsos<br \/><\/strong>2.1 Aplicamos una estricta pol\u00edtica de no reembolsos. Una vez confirmadas, ninguna reserva es reembolsable.<br \/>2.2 Esto incluye cancelaciones de hu\u00e9spedes, salidas anticipadas y no presentaciones, independientemente del motivo (por ejemplo, enfermedad, problemas de transporte, clima o emergencias personales).<br \/>2.3 Al realizar una reserva, usted confirma que comprende y acepta esta pol\u00edtica de no reembolso en su totalidad.<br \/>2.4 En el improbable caso de que debamos cancelar su reserva por circunstancias inevitables ajenas a nuestro control (por ejemplo, da\u00f1os materiales o fuerza mayor), se le reembolsar\u00e1 el importe \u00edntegro. No se ofrecer\u00e1 ninguna otra compensaci\u00f3n.<\/p><p><strong>3. Registro de entrada y salida<br \/><\/strong>3.1 Hora de entrada: a partir de las 15:00 horas<br \/>3.2 Hora de salida: a las 10:00 AM<br \/>3.3 El check-in temprano o el check-out tard\u00edo se pueden organizar con antelaci\u00f3n, est\u00e1n sujetos a disponibilidad y pueden tener un coste adicional.<\/p><p><strong>4. Uso de la propiedad<br \/><\/strong>4.1 La propiedad se utilizar\u00e1 \u00fanicamente como alojamiento vacacional de corta duraci\u00f3n.<br \/>4.2 No se permiten fiestas, eventos ni fotograf\u00edas comerciales sin consentimiento previo por escrito.<br \/>4.3 S\u00f3lo los hu\u00e9spedes registrados podr\u00e1n pernoctar en la propiedad.<br \/>4.4 Est\u00e1 estrictamente prohibido fumar en cualquier lugar de las instalaciones.<br \/>4.5 Se permite vapear en cualquier lugar del recinto, tanto interior como exterior.<br \/>4.6 No se admiten mascotas.<\/p><p><strong>5. Responsabilidades y conducta de los hu\u00e9spedes<br \/><\/strong>5.1 Los hu\u00e9spedes deben tratar la propiedad, el contenido y el \u00e1rea circundante con cuidado y respeto.<br \/>5.2 Usted es responsable de cualquier da\u00f1o o p\u00e9rdida ocasionada durante su estad\u00eda, ya sea por usted o por cualquier miembro de su grupo.<br \/>5.3 Debe dejar la propiedad en condiciones limpias y ordenadas al momento de su salida.<\/p><p><strong>6. Da\u00f1os y cargos adicionales<br \/><\/strong>6.1 No cobramos un dep\u00f3sito de seguridad por adelantado. Sin embargo, usted ser\u00e1 responsable financieramente de:<br \/>\u2022 Cualquier da\u00f1o a la propiedad, mobiliario o accesorios.<br \/>\u2022 P\u00e9rdida o robo de art\u00edculos<br \/>\u2022 Se requiere limpieza excesiva despu\u00e9s de la salida.<br \/>\u2022 Incumplimiento de cualquier parte de estos T\u00e9rminos y Condiciones<br \/><br \/>6.2 Los cargos se realizar\u00e1n al m\u00e9todo de pago utilizado en la reserva o se facturar\u00e1n directamente al hu\u00e9sped.<br \/>6.3 No informar de los da\u00f1os antes del check-out puede resultar en cargos m\u00e1s altos y la posible prohibici\u00f3n de futuras reservas.<\/p><p><strong>7. Pol\u00edtica de manipulaci\u00f3n fraudulenta de im\u00e1genes y reclamaciones por da\u00f1os<br \/><\/strong>7.1 Fotografiamos y documentamos el estado de la propiedad antes de cada estad\u00eda de los hu\u00e9spedes.<br \/>7.2 Los hu\u00e9spedes deben enviar fotograf\u00edas o v\u00eddeos precisos y veraces al informar da\u00f1os o realizar un reclamo.<br \/>7.3 Las conductas estrictamente prohibidas incluyen:<\/p><p>\u00b7 Alterar digitalmente las im\u00e1genes para sugerir da\u00f1os falsos<br \/>\u00b7 Uso de im\u00e1genes mejoradas con IA o no relacionadas<br \/>\u00b7 Preparaci\u00f3n o manipulaci\u00f3n de elementos para simular da\u00f1os 7.4 Si se detecta manipulaci\u00f3n:<br \/>\u00b7 Su reclamaci\u00f3n ser\u00e1 rechazada<br \/>\u00b7 Se le puede cobrar el importe total<br \/>\u00b7 Podemos emprender acciones legales e informar a las plataformas de reserva 7.5 Las reclamaciones falsas pueden constituir fraude civil o penal.<\/p><p><strong>8. Responsabilidad<br \/><\/strong>8.1 No aceptamos ninguna responsabilidad por lesiones personales, enfermedades o p\u00e9rdida de propiedad durante su estad\u00eda, excepto cuando sean causadas por negligencia comprobada.<br \/>8.2 El uso de instalaciones como jacuzzis, \u00e1reas al aire libre y entradas para veh\u00edculos se realiza completamente bajo su propio riesgo.<br \/>8.3 Los padres\/tutores son responsables de supervisar a los ni\u00f1os en todo momento.<\/p><p><strong>9. Uso y contenido del sitio web<br \/><\/strong>9.1 El contenido de nuestro sitio web es para informaci\u00f3n general y uso personal.<br \/>9.2 Nos esforzamos por lograr la precisi\u00f3n, pero no somos responsables de errores u omisiones.<br \/>9.3 Podemos actualizar estos T\u00e9rminos en cualquier momento sin previo aviso.<\/p><p><strong>10. Pol\u00edtica de privacidad<br \/><\/strong>10.1 Procesamos datos personales de acuerdo con nuestra Pol\u00edtica de Privacidad (disponible en nuestro sitio web).<br \/>10.2 Nunca venderemos sus datos a terceros.<br \/>10.3 Sus datos se utilizan \u00fanicamente para gestionar su reserva, comunicaci\u00f3n y obligaciones legales.<\/p><p><strong>11. Ley aplicable<br \/><\/strong>11.1 Estos T\u00e9rminos se rigen e interpretan de conformidad con las leyes de Inglaterra y Gales.<br \/>11.2 Cualquier disputa estar\u00e1 sujeta a la jurisdicci\u00f3n exclusiva de los tribunales de Inglaterra y Gales.<br \/><br \/><strong>12. Servicios de conserjer\u00eda, eventos y reservas de paquetes<br \/><\/strong>12.1 Pr\u00f3ximamente ofreceremos paquetes personalizados y servicios de conserjer\u00eda, que incluyen:<br \/>\u2022 Fines de semana de despedidas de soltero y soltera<br \/>\u2022 Bodas y ocasiones especiales<br \/>\u2022 Retiros de bienestar<br \/>\u2022 Retiros corporativos y formaci\u00f3n de equipos<br \/>\u2022 Paquetes de vacaciones de golf y campo<br \/>\u2022 Contrataci\u00f3n de chef privado y servicios de catering.<\/p><p>12.2 La disponibilidad y los precios de estos servicios est\u00e1n sujetos a cotizaci\u00f3n personalizada y pueden variar seg\u00fan la temporada, el tama\u00f1o del grupo y la disponibilidad del proveedor.<br \/>12.3 Es posible que se apliquen t\u00e9rminos de reserva adicionales, dep\u00f3sitos de seguridad, contratos o acuerdos espec\u00edficos del proveedor a los eventos y servicios organizados en su nombre.<br \/>12.4 Usted acepta plena responsabilidad por la conducta de todos los hu\u00e9spedes y de cualquier contratista externo que contrate a trav\u00e9s de nosotros o de forma independiente.<br \/>12.5 Nos reservamos el derecho de rechazar, cancelar o finalizar reservas relacionadas con eventos que representen un riesgo irrazonable, infrinjan las regulaciones locales o causen molestias a los vecinos.<br \/>12.6 Los reembolsos, si los hubiera, por servicios de conserjer\u00eda se regir\u00e1n por la pol\u00edtica de cancelaci\u00f3n del proveedor, no por nuestros t\u00e9rminos de reembolso est\u00e1ndar.<\/p><p><strong>13. Aceptaci\u00f3n de los T\u00e9rminos<br \/><\/strong>Al realizar una reserva, usted confirma que ha le\u00eddo, comprendido y acepta estar sujeto a estos T\u00e9rminos y Condiciones.<\/p>\t\t\t\t\t\t\t\t<\/div>\n\t\t\t\t<\/div>\n\t\t\t\t\t<\/div>\n\t\t<\/div>\n\t\t\t\t\t<\/div>\n\t\t<\/section>\n\t\t\t\t<\/div>","protected":false},"excerpt":{"rendered":"<p>The Barn Oakenshaw Ltd By making a booking with The Barn Oakenshaw Ltd (\u201cwe\u201d, \u201cour\u201d, \u201cus\u201d), you (\u201cguest\u201d, \u201cyou\u201d) agree to be bound by the following Terms &amp; Conditions. These terms govern your stay at our property and your use of our website and booking platforms. 1. Booking &amp; Payment1.1 Bookings are only confirmed once [&hellip;]<\/p>\n","protected":false},"author":55,"featured_media":0,"parent":0,"menu_order":0,"comment_status":"closed","ping_status":"closed","template":"elementor_header_footer","meta":{"_acf_changed":false,"footnotes":""},"class_list":["post-196974","page","type-page","status-publish","hentry"],"acf":[],"_links":{"self":[{"href":"https:\/\/thebarnoakenshaw.co.uk\/es\/wp-json\/wp\/v2\/pages\/196974","targetHints":{"allow":["GET"]}}],"collection":[{"href":"https:\/\/thebarnoakenshaw.co.uk\/es\/wp-json\/wp\/v2\/pages"}],"about":[{"href":"https:\/\/thebarnoakenshaw.co.uk\/es\/wp-json\/wp\/v2\/types\/page"}],"author":[{"embeddable":true,"href":"https:\/\/thebarnoakenshaw.co.uk\/es\/wp-json\/wp\/v2\/users\/55"}],"replies":[{"embeddable":true,"href":"https:\/\/thebarnoakenshaw.co.uk\/es\/wp-json\/wp\/v2\/comments?post=196974"}],"version-history":[{"count":1,"href":"https:\/\/thebarnoakenshaw.co.uk\/es\/wp-json\/wp\/v2\/pages\/196974\/revisions"}],"predecessor-version":[{"id":200075,"href":"https:\/\/thebarnoakenshaw.co.uk\/es\/wp-json\/wp\/v2\/pages\/196974\/revisions\/200075"}],"wp:attachment":[{"href":"https:\/\/thebarnoakenshaw.co.uk\/es\/wp-json\/wp\/v2\/media?parent=196974"}],"curies":[{"name":"wp","href":"https:\/\/api.w.org\/{rel}","templated":true}]}}