{"id":3,"date":"2023-05-18T06:13:47","date_gmt":"2023-05-18T06:13:47","guid":{"rendered":"https:\/\/thebarnoakenshaw.co.uk\/?page_id=3"},"modified":"2025-10-15T07:58:12","modified_gmt":"2025-10-15T07:58:12","slug":"privacy-policy","status":"publish","type":"page","link":"https:\/\/thebarnoakenshaw.co.uk\/de\/privacy-policy\/","title":{"rendered":"Datenschutzrichtlinie"},"content":{"rendered":"<div data-elementor-type=\"wp-page\" data-elementor-id=\"3\" class=\"elementor elementor-3\" data-elementor-post-type=\"page\">\n\t\t\t\t<div class=\"elementor-element elementor-element-61fe3cf e-flex e-con-boxed e-con e-parent\" data-id=\"61fe3cf\" data-element_type=\"container\" data-e-type=\"container\" data-settings=\"{&quot;jet_parallax_layout_list&quot;:[],&quot;background_background&quot;:&quot;classic&quot;}\">\n\t\t\t\t\t<div class=\"e-con-inner\">\n\t\t<div class=\"elementor-element elementor-element-c151b1d e-con-full e-flex e-con e-child\" data-id=\"c151b1d\" data-element_type=\"container\" data-e-type=\"container\" data-settings=\"{&quot;jet_parallax_layout_list&quot;:[]}\">\n\t\t\t\t<div class=\"elementor-element elementor-element-709a51a elementor-widget elementor-widget-heading\" data-id=\"709a51a\" data-element_type=\"widget\" data-e-type=\"widget\" data-widget_type=\"heading.default\">\n\t\t\t\t<div class=\"elementor-widget-container\">\n\t\t\t\t\t<h2 class=\"elementor-heading-title elementor-size-default\">Datenschutzrichtlinie<\/h2>\t\t\t\t<\/div>\n\t\t\t\t<\/div>\n\t\t\t\t<\/div>\n\t\t\t\t\t<\/div>\n\t\t\t\t<\/div>\n\t\t<div class=\"elementor-element elementor-element-b058e1b e-flex e-con-boxed e-con e-parent\" data-id=\"b058e1b\" data-element_type=\"container\" data-e-type=\"container\" data-settings=\"{&quot;jet_parallax_layout_list&quot;:[],&quot;background_background&quot;:&quot;classic&quot;}\">\n\t\t\t\t\t<div class=\"e-con-inner\">\n\t\t<div class=\"elementor-element elementor-element-88e0197 e-con-full e-flex e-con e-child\" data-id=\"88e0197\" data-element_type=\"container\" data-e-type=\"container\" data-settings=\"{&quot;jet_parallax_layout_list&quot;:[]}\">\n\t\t\t\t<div class=\"elementor-element elementor-element-97ff2d5 elementor-widget elementor-widget-text-editor\" data-id=\"97ff2d5\" data-element_type=\"widget\" data-e-type=\"widget\" data-widget_type=\"text-editor.default\">\n\t\t\t\t<div class=\"elementor-widget-container\">\n\t\t\t\t\t\t\t\t\t<p data-start=\"324\" data-end=\"581\">Der Schutz Ihrer Daten ist uns wichtig. Diese Datenschutzerkl\u00e4rung erl\u00e4utert, wie wir Ihre personenbezogenen Daten erfassen, verwenden, weitergeben und sch\u00fctzen, wenn Sie diese Website besuchen oder unsere Dienste nutzen, beispielsweise bei der Buchung einer Ferienwohnung, beim Einreichen einer Anfrage oder bei der Kontaktaufnahme mit uns.<\/p><p data-start=\"583\" data-end=\"646\">Durch die Nutzung dieser Website erkl\u00e4ren Sie sich mit den unten beschriebenen Praktiken einverstanden.<\/p><hr data-start=\"648\" data-end=\"651\" \/><h3 data-start=\"653\" data-end=\"681\"><strong>1. Informationen, die wir sammeln<\/strong><\/h3><p data-start=\"683\" data-end=\"742\">Wir erfassen m\u00f6glicherweise folgende Arten von personenbezogenen Daten:<\/p><ul data-start=\"744\" data-end=\"1159\"><li data-start=\"744\" data-end=\"804\"><p data-start=\"746\" data-end=\"804\"><strong data-start=\"746\" data-end=\"769\">Kontaktinformationen<\/strong>Name, E-Mail-Adresse, Telefonnummer<\/p><\/li><li data-start=\"805\" data-end=\"878\"><p data-start=\"807\" data-end=\"878\"><strong data-start=\"807\" data-end=\"826\">Buchungsdetails<\/strong>Reisedaten, Anzahl der G\u00e4ste, ausgew\u00e4hlte Unterkunft<\/p><\/li><li data-start=\"879\" data-end=\"959\"><p data-start=\"881\" data-end=\"959\"><strong data-start=\"881\" data-end=\"904\">Zahlungsinformationen<\/strong>: Sichere Zahlungsabwicklung \u00fcber Drittanbieter<\/p><\/li><li data-start=\"960\" data-end=\"1036\"><p data-start=\"962\" data-end=\"1036\"><strong data-start=\"962\" data-end=\"983\">Benutzerkontoinformationen<\/strong> (falls zutreffend): Anmeldedaten und gespeicherte Einstellungen<\/p><\/li><li data-start=\"1037\" data-end=\"1159\"><p data-start=\"1039\" data-end=\"1159\"><strong data-start=\"1039\" data-end=\"1057\">Technische Daten<\/strong>: IP-Adresse, Browsertyp, besuchte Seiten und Verweildauer auf der Website (\u00fcber Cookies oder Analysetools)<\/p><\/li><\/ul><hr data-start=\"1161\" data-end=\"1164\" \/><h3 data-start=\"1166\" data-end=\"1199\"><strong>2. Wie wir Ihre Daten verwenden<\/strong><\/h3><p data-start=\"1201\" data-end=\"1237\">Wir verwenden die gesammelten Informationen, um:<\/p><ul data-start=\"1239\" data-end=\"1497\"><li data-start=\"1239\" data-end=\"1290\"><p data-start=\"1241\" data-end=\"1290\">Anfragen beantworten und Kundensupport leisten<\/p><\/li><li data-start=\"1291\" data-end=\"1336\"><p data-start=\"1293\" data-end=\"1336\">Reservierungen oder Buchungen bearbeiten und verwalten<\/p><\/li><li data-start=\"1337\" data-end=\"1385\"><p data-start=\"1339\" data-end=\"1385\">Wichtige Aktualisierungen oder Best\u00e4tigungen mitteilen<\/p><\/li><li data-start=\"1386\" data-end=\"1435\"><p data-start=\"1388\" data-end=\"1435\">Verbesserung der Website-Performance und des Nutzererlebnisses<\/p><\/li><li data-start=\"1436\" data-end=\"1497\"><p data-start=\"1438\" data-end=\"1497\">Werbe-E-Mails oder Angebote senden (nur wenn Sie dem zugestimmt haben)<\/p><\/li><\/ul><p data-start=\"1499\" data-end=\"1544\">Wir werden Ihre pers\u00f6nlichen Daten niemals verkaufen.<\/p><hr data-start=\"1546\" data-end=\"1549\" \/><h3 data-start=\"1551\" data-end=\"1579\"><strong>3. Informationsaustausch<\/strong><\/h3><p data-start=\"1581\" data-end=\"1656\">Wir geben Ihre Daten nur in folgenden F\u00e4llen an Dritte weiter:<\/p><ul data-start=\"1658\" data-end=\"1989\"><li data-start=\"1658\" data-end=\"1742\"><p data-start=\"1660\" data-end=\"1742\"><strong data-start=\"1660\" data-end=\"1681\">Dienstleister<\/strong>Zur sicheren Abwicklung von Zahlungen, Verwaltung von Buchungen oder Speicherung von Daten<\/p><\/li><li data-start=\"1743\" data-end=\"1856\"><p data-start=\"1745\" data-end=\"1856\"><strong data-start=\"1745\" data-end=\"1767\">Rechtliche Anforderungen<\/strong>Wenn dies zur Einhaltung geltender Gesetze, Gerichtsverfahren oder beh\u00f6rdlicher Anfragen erforderlich ist.<\/p><\/li><li data-start=\"1857\" data-end=\"1989\"><p data-start=\"1859\" data-end=\"1989\"><strong data-start=\"1859\" data-end=\"1880\">Plattformpartner<\/strong>Wenn Sie \u00fcber eine Drittanbieterseite (z. B. Airbnb, Vrbo) buchen, unterliegen Ihre Daten auch deren Datenschutzrichtlinien.<\/p><\/li><\/ul><hr data-start=\"1991\" data-end=\"1994\" \/><h3 data-start=\"1996\" data-end=\"2020\"><strong>4. Cookies &amp; Tracking<\/strong><\/h3><p data-start=\"2022\" data-end=\"2073\">Diese Website verwendet Cookies und \u00e4hnliche Technologien, um:<\/p><ul data-start=\"2075\" data-end=\"2194\"><li data-start=\"2075\" data-end=\"2105\"><p data-start=\"2077\" data-end=\"2105\">Wiederkehrende Besucher erkennen<\/p><\/li><li data-start=\"2106\" data-end=\"2133\"><p data-start=\"2108\" data-end=\"2133\">Merken Sie sich Ihre Pr\u00e4ferenzen<\/p><\/li><li data-start=\"2134\" data-end=\"2194\"><p data-start=\"2136\" data-end=\"2194\">Messen Sie Datenverkehr und Nutzungsmuster mithilfe von Analysetools.<\/p><\/li><\/ul><p data-start=\"2196\" data-end=\"2256\">Sie k\u00f6nnen Ihre Cookie-Einstellungen \u00fcber die Einstellungen Ihres Browsers verwalten.<\/p><hr data-start=\"2258\" data-end=\"2261\" \/><h3 data-start=\"2263\" data-end=\"2282\"><strong>5. Datensicherheit<\/strong><\/h3><p data-start=\"2284\" data-end=\"2471\">Wir setzen angemessene Sicherheitsvorkehrungen ein, um Ihre Daten vor unbefugtem Zugriff, unbefugter Nutzung oder Offenlegung zu sch\u00fctzen. Dazu geh\u00f6ren eine sichere Zahlungsabwicklung und die Beschr\u00e4nkung des Zugriffs auf sensible Informationen.<\/p><p data-start=\"2473\" data-end=\"2583\">Allerdings ist keine Methode der Internet\u00fcbertragung oder -speicherung hundertprozentig sicher, und wir k\u00f6nnen daher keine absolute Sicherheit garantieren.<\/p><hr data-start=\"2585\" data-end=\"2588\" \/><h3 data-start=\"2590\" data-end=\"2607\"><strong>6. Ihre Rechte<\/strong><\/h3><p data-start=\"2609\" data-end=\"2631\">Sie haben das Recht auf:<\/p><ul data-start=\"2633\" data-end=\"2823\"><li data-start=\"2633\" data-end=\"2678\"><p data-start=\"2635\" data-end=\"2678\">Fordern Sie Zugang zu Ihren pers\u00f6nlichen Daten an<\/p><\/li><li data-start=\"2679\" data-end=\"2719\"><p data-start=\"2681\" data-end=\"2719\">Bitten Sie um Korrektur fehlerhafter Daten.<\/p><\/li><li data-start=\"2720\" data-end=\"2766\"><p data-start=\"2722\" data-end=\"2766\">Widerruf der Einwilligung zu Marketingmitteilungen<\/p><\/li><li data-start=\"2767\" data-end=\"2823\"><p data-start=\"2769\" data-end=\"2823\">Beantragen Sie die L\u00f6schung Ihrer Daten, sofern dies rechtlich zul\u00e4ssig ist.<\/p><\/li><\/ul><p data-start=\"2825\" data-end=\"2892\">Um diese Rechte auszu\u00fcben, nutzen Sie bitte das Kontaktformular auf dieser Website.<\/p><hr data-start=\"2894\" data-end=\"2897\" \/><h3 data-start=\"2899\" data-end=\"2922\"><strong>7. Links von Drittanbietern<\/strong><\/h3><p data-start=\"2924\" data-end=\"3112\">Diese Website kann Links zu Websites Dritter enthalten. Wir sind nicht verantwortlich f\u00fcr die Datenschutzpraktiken oder den Inhalt dieser Websites. Wir empfehlen Ihnen, deren Datenschutzrichtlinien einzeln zu lesen.<\/p><hr data-start=\"3114\" data-end=\"3117\" \/><h3 data-start=\"3119\" data-end=\"3143\"><strong>8. Datenschutz f\u00fcr Kinder<\/strong><\/h3><p data-start=\"3145\" data-end=\"3377\">Diese Website ist nicht f\u00fcr Personen unter 18 Jahren bestimmt. Wir erfassen wissentlich keine personenbezogenen Daten von Minderj\u00e4hrigen. Sollten wir erfahren, dass wir Daten eines Kindes ohne entsprechende Einwilligung erfasst haben, werden wir diese umgehend l\u00f6schen.<\/p><hr data-start=\"3379\" data-end=\"3382\" \/><h3 data-start=\"3384\" data-end=\"3412\"><strong>9. \u00c4nderungen dieser Richtlinie<\/strong><\/h3><p data-start=\"3414\" data-end=\"3602\">Diese Datenschutzrichtlinie kann von Zeit zu Zeit aktualisiert werden. \u00c4nderungen werden auf dieser Seite mit dem jeweiligen \u00c4nderungsdatum ver\u00f6ffentlicht. Durch die weitere Nutzung der Website erkl\u00e4ren Sie sich mit den \u00c4nderungen einverstanden.<\/p><hr data-start=\"3604\" data-end=\"3607\" \/><h3 data-start=\"3609\" data-end=\"3637\"><strong>10. Fragen oder Anliegen<\/strong><\/h3><p data-start=\"3639\" data-end=\"3741\">Sollten Sie Fragen zu dieser Datenschutzerkl\u00e4rung haben, kontaktieren Sie uns bitte.<\/p>\t\t\t\t\t\t\t\t<\/div>\n\t\t\t\t<\/div>\n\t\t\t\t<\/div>\n\t\t\t\t\t<\/div>\n\t\t\t\t<\/div>\n\t\t\t\t<\/div>","protected":false},"excerpt":{"rendered":"<p>Your privacy is important to us. This Privacy Policy explains how we collect, use, disclose, and protect your personal information when you visit this website or use our services, including booking a vacation rental, submitting an inquiry, or contacting us. By using this site, you agree to the practices described below. 1. Information We Collect [&hellip;]<\/p>\n","protected":false},"author":55,"featured_media":0,"parent":0,"menu_order":0,"comment_status":"closed","ping_status":"open","template":"elementor_header_footer","meta":{"_acf_changed":false,"footnotes":""},"class_list":["post-3","page","type-page","status-publish","hentry"],"acf":[],"_links":{"self":[{"href":"https:\/\/thebarnoakenshaw.co.uk\/de\/wp-json\/wp\/v2\/pages\/3","targetHints":{"allow":["GET"]}}],"collection":[{"href":"https:\/\/thebarnoakenshaw.co.uk\/de\/wp-json\/wp\/v2\/pages"}],"about":[{"href":"https:\/\/thebarnoakenshaw.co.uk\/de\/wp-json\/wp\/v2\/types\/page"}],"author":[{"embeddable":true,"href":"https:\/\/thebarnoakenshaw.co.uk\/de\/wp-json\/wp\/v2\/users\/55"}],"replies":[{"embeddable":true,"href":"https:\/\/thebarnoakenshaw.co.uk\/de\/wp-json\/wp\/v2\/comments?post=3"}],"version-history":[{"count":1,"href":"https:\/\/thebarnoakenshaw.co.uk\/de\/wp-json\/wp\/v2\/pages\/3\/revisions"}],"predecessor-version":[{"id":200078,"href":"https:\/\/thebarnoakenshaw.co.uk\/de\/wp-json\/wp\/v2\/pages\/3\/revisions\/200078"}],"wp:attachment":[{"href":"https:\/\/thebarnoakenshaw.co.uk\/de\/wp-json\/wp\/v2\/media?parent=3"}],"curies":[{"name":"wp","href":"https:\/\/api.w.org\/{rel}","templated":true}]}}