{"id":199769,"date":"2025-09-25T08:11:45","date_gmt":"2025-09-25T08:11:45","guid":{"rendered":"https:\/\/thebarnoakenshaw.co.uk\/?page_id=199769"},"modified":"2026-03-23T04:46:32","modified_gmt":"2026-03-23T04:46:32","slug":"events-packages","status":"publish","type":"page","link":"https:\/\/thebarnoakenshaw.co.uk\/de\/events-packages\/","title":{"rendered":"Veranstaltungen &amp; Pakete"},"content":{"rendered":"<div data-elementor-type=\"wp-page\" data-elementor-id=\"199769\" class=\"elementor elementor-199769\" data-elementor-post-type=\"page\">\n\t\t\t\t\t\t<section class=\"elementor-section elementor-top-section elementor-element elementor-element-8968138 elementor-section-height-min-height elementor-section-boxed elementor-section-height-default elementor-section-items-middle\" data-id=\"8968138\" data-element_type=\"section\" data-e-type=\"section\" data-settings=\"{&quot;jet_parallax_layout_list&quot;:[],&quot;background_background&quot;:&quot;classic&quot;}\">\n\t\t\t\t\t\t\t<div class=\"elementor-background-overlay\"><\/div>\n\t\t\t\t\t\t\t<div class=\"elementor-container elementor-column-gap-wider\">\n\t\t\t\t\t<div class=\"elementor-column elementor-col-100 elementor-top-column elementor-element elementor-element-1c0cf81\" data-id=\"1c0cf81\" data-element_type=\"column\" data-e-type=\"column\">\n\t\t\t<div class=\"elementor-widget-wrap elementor-element-populated\">\n\t\t\t\t\t\t<div class=\"elementor-element elementor-element-8b05288 elementor-widget elementor-widget-spacer\" data-id=\"8b05288\" data-element_type=\"widget\" data-e-type=\"widget\" data-widget_type=\"spacer.default\">\n\t\t\t\t<div class=\"elementor-widget-container\">\n\t\t\t\t\t\t\t<div class=\"elementor-spacer\">\n\t\t\t<div class=\"elementor-spacer-inner\"><\/div>\n\t\t<\/div>\n\t\t\t\t\t\t<\/div>\n\t\t\t\t<\/div>\n\t\t\t\t<div class=\"elementor-element elementor-element-9dccca1 elementor-widget elementor-widget-heading\" data-id=\"9dccca1\" data-element_type=\"widget\" data-e-type=\"widget\" data-widget_type=\"heading.default\">\n\t\t\t\t<div class=\"elementor-widget-container\">\n\t\t\t\t\t<h1 class=\"elementor-heading-title elementor-size-default\">Veranstaltungen &amp; Pakete<\/h1>\t\t\t\t<\/div>\n\t\t\t\t<\/div>\n\t\t\t\t<div class=\"elementor-element elementor-element-4e3339b elementor-widget elementor-widget-text-editor\" data-id=\"4e3339b\" data-element_type=\"widget\" data-e-type=\"widget\" data-widget_type=\"text-editor.default\">\n\t\t\t\t<div class=\"elementor-widget-container\">\n\t\t\t\t\t\t\t\t\t<p data-start=\"309\" data-end=\"571\"><strong data-start=\"309\" data-end=\"342\">Willkommen in The Barn Oakenshaw<\/strong> \u2014 ein privates, sechs Hektar gro\u00dfes Luxusanwesen im Herzen von County Durham. Einst Teil des historischen Ackerlandes von Oakenshaw, wurde das Anwesen in ein exklusives Refugium verwandelt, in dem Tradition, Handwerkskunst und nat\u00fcrliche Sch\u00f6nheit harmonisch zusammenwirken.<\/p><p data-start=\"1290\" data-end=\"1536\">\u00a0<\/p>\t\t\t\t\t\t\t\t<\/div>\n\t\t\t\t<\/div>\n\t\t\t\t\t<\/div>\n\t\t<\/div>\n\t\t\t\t\t<\/div>\n\t\t<\/section>\n\t\t<div class=\"elementor-element elementor-element-b459443 e-flex e-con-boxed e-con e-parent\" data-id=\"b459443\" data-element_type=\"container\" data-e-type=\"container\" data-settings=\"{&quot;jet_parallax_layout_list&quot;:[]}\">\n\t\t\t\t\t<div class=\"e-con-inner\">\n\t\t\t\t<div class=\"elementor-element elementor-element-4e6016c elementor-widget elementor-widget-spacer\" data-id=\"4e6016c\" data-element_type=\"widget\" data-e-type=\"widget\" data-widget_type=\"spacer.default\">\n\t\t\t\t<div class=\"elementor-widget-container\">\n\t\t\t\t\t\t\t<div class=\"elementor-spacer\">\n\t\t\t<div class=\"elementor-spacer-inner\"><\/div>\n\t\t<\/div>\n\t\t\t\t\t\t<\/div>\n\t\t\t\t<\/div>\n\t\t\t\t\t<\/div>\n\t\t\t\t<\/div>\n\t\t<div class=\"elementor-element elementor-element-f8304f0 e-flex e-con-boxed e-con e-parent\" data-id=\"f8304f0\" data-element_type=\"container\" data-e-type=\"container\" data-settings=\"{&quot;jet_parallax_layout_list&quot;:[]}\">\n\t\t\t\t\t<div class=\"e-con-inner\">\n\t\t\t\t<div class=\"elementor-element elementor-element-3962d80 elementor-widget elementor-widget-text-editor\" data-id=\"3962d80\" data-element_type=\"widget\" data-e-type=\"widget\" data-widget_type=\"text-editor.default\">\n\t\t\t\t<div class=\"elementor-widget-container\">\n\t\t\t\t\t\t\t\t\t<p data-start=\"573\" data-end=\"857\">Willkommen in The Barn Oakenshaw \u2013 einem privaten, sechs Hektar gro\u00dfen Anwesen, wo Durhams reiches Erbe auf modernen Luxus, Natur und Handwerkskunst trifft. Eingebettet in eine Landschaft, die einst von jahrhundertelanger Landwirtschaft und d\u00f6rflicher Tradition gepr\u00e4gt war, wurde das Anwesen in ein exklusives Refugium verwandelt, das seine Vergangenheit ehrt und gleichzeitig unvergessliche Erlebnisse f\u00fcr seine G\u00e4ste bietet.<\/p><p data-start=\"573\" data-end=\"857\"><span style=\"color: inherit; background-color: inherit; letter-spacing: inherit;\">Im Herzen des Anwesens steht unser originales Steingeb\u00e4ude aus dem Jahr 1852, das mit viel Liebe zum Detail restauriert wurde, um den Charakter und Charme seiner Zeit zu bewahren. Auf dem gegen\u00fcberliegenden Gel\u00e4nde befindet sich unsere bemerkenswerte finnische Blockh\u00fctte, die in Handarbeit aus nachhaltig gewonnenen, 100 Jahre alten skandinavischen Baumst\u00e4mmen errichtet wurde \u2013 eine Hommage an Handwerkskunst, Widerstandsf\u00e4higkeit und nat\u00fcrliche Sch\u00f6nheit. Gemeinsam bilden sie einen einzigartigen Ort, der historische Architektur mit zeitloser Naturverbundenheit verbindet.<\/span><\/p><p data-start=\"573\" data-end=\"857\"><span style=\"color: inherit; background-color: inherit; letter-spacing: inherit;\">Die Identit\u00e4t des Anwesens ist eng mit der Geschichte Durhams verbunden, was sich im Turm- und Rittermotiv unseres Brandings widerspiegelt \u2013 Symbole f\u00fcr Schutz, St\u00e4rke und Tradition. Dieses Thema setzt sich bei der Ankunft mit unserem handgefertigten Mosaik aus Hochlandrindern fort, einer bedeutungsvollen Hommage an Oakenshaws landwirtschaftliche Wurzeln und die Landschaft, die das Leben hier \u00fcber Generationen gepr\u00e4gt hat.<\/span><\/p><p data-start=\"573\" data-end=\"857\"><span style=\"color: inherit; background-color: inherit; letter-spacing: inherit;\">Umgeben ist das Anwesen von einem lebendigen Refugium: \u00dcber 2.000 B\u00e4ume verschiedenster Arten wurden sorgf\u00e4ltig gepflanzt, um das Land wiederherzustellen und die Tierwelt zu f\u00f6rdern. So r\u00fcckt die Natur bei jedem Aufenthalt in den Mittelpunkt. Ob G\u00e4ste f\u00fcr Hochzeiten, Firmenveranstaltungen, Wellness-Auszeiten oder exklusive Feierlichkeiten kommen \u2013 sie erleben nicht nur luxuri\u00f6se Unterk\u00fcnfte, sondern einen Ort, an dem Geschichte, Landschaft und Handwerkskunst in perfekter Harmonie verschmelzen.<\/span><\/p>\t\t\t\t\t\t\t\t<\/div>\n\t\t\t\t<\/div>\n\t\t\t\t\t<\/div>\n\t\t\t\t<\/div>\n\t\t<div class=\"elementor-element elementor-element-63d644bc e-flex e-con-boxed e-con e-parent\" data-id=\"63d644bc\" data-element_type=\"container\" data-e-type=\"container\" data-settings=\"{&quot;background_background&quot;:&quot;classic&quot;,&quot;jet_parallax_layout_list&quot;:[]}\">\n\t\t\t\t\t<div class=\"e-con-inner\">\n\t\t<div class=\"elementor-element elementor-element-237f4aa e-grid animated-fast e-con-full elementor-invisible e-con e-child\" data-id=\"237f4aa\" data-element_type=\"container\" data-e-type=\"container\" data-settings=\"{&quot;animation&quot;:&quot;fadeIn&quot;,&quot;animation_delay&quot;:500,&quot;jet_parallax_layout_list&quot;:[]}\">\n\t\t<div class=\"elementor-element elementor-element-1068150 e-con-full e-flex e-con e-child\" data-id=\"1068150\" data-element_type=\"container\" data-e-type=\"container\" data-settings=\"{&quot;background_background&quot;:&quot;classic&quot;,&quot;jet_parallax_layout_list&quot;:[]}\">\n\t\t\t\t<div class=\"elementor-element elementor-element-2720242 elementor-widget elementor-widget-icon-box\" data-id=\"2720242\" data-element_type=\"widget\" data-e-type=\"widget\" data-widget_type=\"icon-box.default\">\n\t\t\t\t<div class=\"elementor-widget-container\">\n\t\t\t\t\t\t\t<div class=\"elementor-icon-box-wrapper\">\n\n\t\t\t\n\t\t\t\t\t\t<div class=\"elementor-icon-box-content\">\n\n\t\t\t\t\t\t\t\t\t<h6 class=\"elementor-icon-box-title\">\n\t\t\t\t\t\t<span  >\n\t\t\t\t\t\t\tHochzeiten &amp; Besondere Anl\u00e4sse\t\t\t\t\t\t<\/span>\n\t\t\t\t\t<\/h6>\n\t\t\t\t\n\t\t\t\t\t\t\t\t\t<p class=\"elementor-icon-box-description\">\n\t\t\t\t\t\tFeiern Sie die sch\u00f6nsten Momente Ihres Lebens inmitten der malerischen Landschaft von County Durham. Ob intime Hochzeiten, Erneuerungen des Eheversprechens, runde Geburtstage oder Familienfeste \u2013 das Anwesen bietet ein einzigartiges Ambiente, in dem rustikaler Charme auf modernen Luxus trifft. Dank flexibler Unterk\u00fcnfte, privater Whirlpools und atemberaubender Aussicht k\u00f6nnen Sie und Ihre G\u00e4ste entspannen, neue Energie tanken und gemeinsam unvergessliche Erinnerungen schaffen.\n\t\t\t\t\t<\/p>\n\t\t\t\t\n\t\t\t<\/div>\n\t\t\t\n\t\t<\/div>\n\t\t\t\t\t\t<\/div>\n\t\t\t\t<\/div>\n\t\t\t\t<div class=\"elementor-element elementor-element-8e49197 elementor-widget elementor-widget-button\" data-id=\"8e49197\" data-element_type=\"widget\" data-e-type=\"widget\" data-widget_type=\"button.default\">\n\t\t\t\t<div class=\"elementor-widget-container\">\n\t\t\t\t\t\t\t\t\t<div class=\"elementor-button-wrapper\">\n\t\t\t\t\t<a class=\"elementor-button elementor-button-link elementor-size-sm\" href=\"#elementor-action%3Aaction%3Dpopup%3Aopen%26settings%3DeyJpZCI6IjE5OTg4NiIsInRvZ2dsZSI6ZmFsc2V9\">\n\t\t\t\t\t\t<span class=\"elementor-button-content-wrapper\">\n\t\t\t\t\t\t\t\t\t<span class=\"elementor-button-text\">Registrieren Sie Ihr Interesse<\/span>\n\t\t\t\t\t<\/span>\n\t\t\t\t\t<\/a>\n\t\t\t\t<\/div>\n\t\t\t\t\t\t\t\t<\/div>\n\t\t\t\t<\/div>\n\t\t\t\t<\/div>\n\t\t<div class=\"elementor-element elementor-element-8b51284 e-con-full e-flex e-con e-child\" data-id=\"8b51284\" data-element_type=\"container\" data-e-type=\"container\" data-settings=\"{&quot;background_background&quot;:&quot;classic&quot;,&quot;jet_parallax_layout_list&quot;:[]}\">\n\t\t\t\t<div class=\"elementor-element elementor-element-61d802c elementor-widget elementor-widget-spacer\" data-id=\"61d802c\" data-element_type=\"widget\" data-e-type=\"widget\" data-widget_type=\"spacer.default\">\n\t\t\t\t<div class=\"elementor-widget-container\">\n\t\t\t\t\t\t\t<div class=\"elementor-spacer\">\n\t\t\t<div class=\"elementor-spacer-inner\"><\/div>\n\t\t<\/div>\n\t\t\t\t\t\t<\/div>\n\t\t\t\t<\/div>\n\t\t\t\t<\/div>\n\t\t\t\t<\/div>\n\t\t<div class=\"elementor-element elementor-element-4b1f6bb e-grid animated-fast e-con-full elementor-invisible e-con e-child\" data-id=\"4b1f6bb\" data-element_type=\"container\" data-e-type=\"container\" data-settings=\"{&quot;animation&quot;:&quot;fadeIn&quot;,&quot;animation_delay&quot;:500,&quot;jet_parallax_layout_list&quot;:[]}\">\n\t\t<div class=\"elementor-element elementor-element-63c563f e-con-full e-flex e-con e-child\" data-id=\"63c563f\" data-element_type=\"container\" data-e-type=\"container\" data-settings=\"{&quot;background_background&quot;:&quot;classic&quot;,&quot;jet_parallax_layout_list&quot;:[]}\">\n\t\t\t\t<div class=\"elementor-element elementor-element-658ada9 elementor-widget elementor-widget-icon-box\" data-id=\"658ada9\" data-element_type=\"widget\" data-e-type=\"widget\" data-widget_type=\"icon-box.default\">\n\t\t\t\t<div class=\"elementor-widget-container\">\n\t\t\t\t\t\t\t<div class=\"elementor-icon-box-wrapper\">\n\n\t\t\t\n\t\t\t\t\t\t<div class=\"elementor-icon-box-content\">\n\n\t\t\t\t\t\t\t\t\t<h6 class=\"elementor-icon-box-title\">\n\t\t\t\t\t\t<span  >\n\t\t\t\t\t\t\tPrivates Catering \/ Kochservice \u2013 Demn\u00e4chst verf\u00fcgbar\t\t\t\t\t\t<\/span>\n\t\t\t\t\t<\/h6>\n\t\t\t\t\n\t\t\t\t\n\t\t\t<\/div>\n\t\t\t\n\t\t<\/div>\n\t\t\t\t\t\t<\/div>\n\t\t\t\t<\/div>\n\t\t\t\t<div class=\"elementor-element elementor-element-2a3ca76 elementor-widget elementor-widget-text-editor\" data-id=\"2a3ca76\" data-element_type=\"widget\" data-e-type=\"widget\" data-widget_type=\"text-editor.default\">\n\t\t\t\t<div class=\"elementor-widget-container\">\n\t\t\t\t\t\t\t\t\t<p><span style=\"font-weight: 400;\">Stellen Sie sich vor, Sie treffen sich mit Familie, Freunden oder Kollegen in The Barn Oakenshaw und m\u00fcssen keinen einzigen Finger in der K\u00fcche r\u00fchren. Unser bald verf\u00fcgbarer Private-Dining-Service bringt talentierte K\u00f6che aus der Region direkt zu Ihnen an den Tisch und kreiert unvergessliche, ganz nach Ihrem Geschmack abgestimmte Men\u00fcs.<\/span><\/p><p><span style=\"font-weight: 400;\">Von intimen Drei-G\u00e4nge-Men\u00fcs bis hin zu festlichen Mahlzeiten f\u00fcr gr\u00f6\u00dfere Gruppen \u2013 die Men\u00fcs pr\u00e4sentieren das Beste aus saisonalen Produkten aus County Durham: frische Zutaten vom Bauernhof, herzhafte englische Klassiker und raffinierte internationale Gerichte. G\u00e4ste k\u00f6nnen aus folgenden Optionen w\u00e4hlen:<\/span><\/p><ul><li><span style=\"font-weight: 400;\"> \u00a0 \u00a0 \u00a0 <\/span> <span style=\"font-weight: 400;\">Personalisierte Men\u00fcs \u2013 individuell auf Ihre Vorlieben, Ern\u00e4hrungsbed\u00fcrfnisse und den jeweiligen Anlass abgestimmt.<\/span><\/li><li><span style=\"font-weight: 400;\"> \u00a0 \u00a0 \u00a0 <\/span> <span style=\"font-weight: 400;\">Bedienung am Tisch \u2013 Speisen auf Restaurantniveau im Komfort und in der Privatsph\u00e4re Ihres exklusiven Anwesens.<\/span><\/li><li><span style=\"font-weight: 400;\"> \u00a0 \u00a0 \u00a0 <\/span> <span style=\"font-weight: 400;\">Besondere Erlebnisse \u2013 wie zum Beispiel Weinprobenabende mit passenden Weinen, Nachmittagstees oder festliche Bankette.<\/span><\/li><\/ul><p><span style=\"font-weight: 400;\">\u00a0<\/span><span style=\"font-weight: 400;\">Dieser neue Service zielt darauf ab, einen Aufenthalt in ein umfassendes Luxuserlebnis zu verwandeln, bei dem die Gastfreundschaft \u00fcber die reine Unterkunft hinaus bis in den Bereich der gehobenen Gastronomie reicht.<\/span><\/p><p><i><span style=\"font-weight: 400;\">Registrieren Sie noch heute Ihr Interesse, um als Erster dieses ma\u00dfgeschneiderte Catering-Erlebnis bei der Markteinf\u00fchrung zu genie\u00dfen.<\/span><\/i><\/p>\t\t\t\t\t\t\t\t<\/div>\n\t\t\t\t<\/div>\n\t\t\t\t<div class=\"elementor-element elementor-element-b4fd256 elementor-widget elementor-widget-button\" data-id=\"b4fd256\" data-element_type=\"widget\" data-e-type=\"widget\" data-widget_type=\"button.default\">\n\t\t\t\t<div class=\"elementor-widget-container\">\n\t\t\t\t\t\t\t\t\t<div class=\"elementor-button-wrapper\">\n\t\t\t\t\t<a class=\"elementor-button elementor-button-link elementor-size-sm\" href=\"#elementor-action%3Aaction%3Dpopup%3Aopen%26settings%3DeyJpZCI6IjE5OTgyNCIsInRvZ2dsZSI6ZmFsc2V9\">\n\t\t\t\t\t\t<span class=\"elementor-button-content-wrapper\">\n\t\t\t\t\t\t\t\t\t<span class=\"elementor-button-text\">Registrieren Sie Ihr Interesse<\/span>\n\t\t\t\t\t<\/span>\n\t\t\t\t\t<\/a>\n\t\t\t\t<\/div>\n\t\t\t\t\t\t\t\t<\/div>\n\t\t\t\t<\/div>\n\t\t\t\t<\/div>\n\t\t<div class=\"elementor-element elementor-element-dbc5f01 e-con-full e-flex e-con e-child\" data-id=\"dbc5f01\" data-element_type=\"container\" data-e-type=\"container\" data-settings=\"{&quot;background_background&quot;:&quot;classic&quot;,&quot;jet_parallax_layout_list&quot;:[]}\">\n\t\t\t\t<div class=\"elementor-element elementor-element-71af123 elementor-widget elementor-widget-spacer\" data-id=\"71af123\" data-element_type=\"widget\" data-e-type=\"widget\" data-widget_type=\"spacer.default\">\n\t\t\t\t<div class=\"elementor-widget-container\">\n\t\t\t\t\t\t\t<div class=\"elementor-spacer\">\n\t\t\t<div class=\"elementor-spacer-inner\"><\/div>\n\t\t<\/div>\n\t\t\t\t\t\t<\/div>\n\t\t\t\t<\/div>\n\t\t\t\t<\/div>\n\t\t\t\t<\/div>\n\t\t\t\t\t<\/div>\n\t\t\t\t<\/div>\n\t\t\t\t<\/div>","protected":false},"excerpt":{"rendered":"<p>Events &amp; Packages Welcome to The Barn Oakenshaw \u2014 a private six-acre luxury estate in the heart of County Durham. Once part of Oakenshaw\u2019s historic farmland, the estate has been transformed into a premium retreat where heritage, craftsmanship and natural beauty come together. \u00a0 Welcome to The Barn Oakenshaw \u2014 a private six-acre estate where [&hellip;]<\/p>\n","protected":false},"author":55,"featured_media":0,"parent":0,"menu_order":0,"comment_status":"closed","ping_status":"closed","template":"","meta":{"_acf_changed":false,"footnotes":""},"class_list":["post-199769","page","type-page","status-publish","hentry"],"acf":[],"_links":{"self":[{"href":"https:\/\/thebarnoakenshaw.co.uk\/de\/wp-json\/wp\/v2\/pages\/199769","targetHints":{"allow":["GET"]}}],"collection":[{"href":"https:\/\/thebarnoakenshaw.co.uk\/de\/wp-json\/wp\/v2\/pages"}],"about":[{"href":"https:\/\/thebarnoakenshaw.co.uk\/de\/wp-json\/wp\/v2\/types\/page"}],"author":[{"embeddable":true,"href":"https:\/\/thebarnoakenshaw.co.uk\/de\/wp-json\/wp\/v2\/users\/55"}],"replies":[{"embeddable":true,"href":"https:\/\/thebarnoakenshaw.co.uk\/de\/wp-json\/wp\/v2\/comments?post=199769"}],"version-history":[{"count":57,"href":"https:\/\/thebarnoakenshaw.co.uk\/de\/wp-json\/wp\/v2\/pages\/199769\/revisions"}],"predecessor-version":[{"id":202083,"href":"https:\/\/thebarnoakenshaw.co.uk\/de\/wp-json\/wp\/v2\/pages\/199769\/revisions\/202083"}],"wp:attachment":[{"href":"https:\/\/thebarnoakenshaw.co.uk\/de\/wp-json\/wp\/v2\/media?parent=199769"}],"curies":[{"name":"wp","href":"https:\/\/api.w.org\/{rel}","templated":true}]}}